{"id":146,"date":"2024-08-24T08:07:29","date_gmt":"2024-08-24T08:07:29","guid":{"rendered":"http:\/\/generatorsztuki.pl\/?page_id=146"},"modified":"2025-12-19T14:51:37","modified_gmt":"2025-12-19T14:51:37","slug":"odra-jazz-festival","status":"publish","type":"page","link":"https:\/\/generatorsztuki.pl\/index.php\/odra-jazz-festival\/","title":{"rendered":"Odra Jazz Festival"},"content":{"rendered":"\t\t<div data-elementor-type=\"wp-page\" data-elementor-id=\"146\" class=\"elementor elementor-146\">\n\t\t\t\t<div class=\"elementor-element elementor-element-436466c e-flex e-con-boxed e-con e-parent\" data-id=\"436466c\" data-element_type=\"container\">\n\t\t\t\t\t<div class=\"e-con-inner\">\n\t\t\t\t<div class=\"elementor-element elementor-element-c1b5422 elementor-widget elementor-widget-image\" data-id=\"c1b5422\" data-element_type=\"widget\" data-widget_type=\"image.default\">\n\t\t\t\t<div class=\"elementor-widget-container\">\n\t\t\t\t\t\t\t\t\t\t\t\t\t\t\t<img fetchpriority=\"high\" decoding=\"async\" width=\"1024\" height=\"1024\" src=\"https:\/\/generatorsztuki.pl\/wp-content\/uploads\/2025\/09\/11-1024x1024.png\" class=\"attachment-large size-large wp-image-363\" alt=\"\" srcset=\"https:\/\/generatorsztuki.pl\/wp-content\/uploads\/2025\/09\/11-1024x1024.png 1024w, https:\/\/generatorsztuki.pl\/wp-content\/uploads\/2025\/09\/11-300x300.png 300w, https:\/\/generatorsztuki.pl\/wp-content\/uploads\/2025\/09\/11-150x150.png 150w, https:\/\/generatorsztuki.pl\/wp-content\/uploads\/2025\/09\/11-768x768.png 768w, https:\/\/generatorsztuki.pl\/wp-content\/uploads\/2025\/09\/11.png 1080w\" sizes=\"(max-width: 1024px) 100vw, 1024px\" \/>\t\t\t\t\t\t\t\t\t\t\t\t\t\t\t<\/div>\n\t\t\t\t<\/div>\n\t\t\t\t\t<\/div>\n\t\t\t\t<\/div>\n\t\t<div class=\"elementor-element elementor-element-acb27a5 e-grid e-con-boxed e-con e-parent\" data-id=\"acb27a5\" data-element_type=\"container\">\n\t\t\t\t\t<div class=\"e-con-inner\">\n\t\t\t\t<div class=\"elementor-element elementor-element-3da2ada elementor-widget elementor-widget-text-editor\" data-id=\"3da2ada\" data-element_type=\"widget\" data-widget_type=\"text-editor.default\">\n\t\t\t\t<div class=\"elementor-widget-container\">\n\t\t\t\t\t\t\t\t\t<p class=\"p1\">Fundacja Generator Sztuki ze Szczecina w sierpniu i wrze\u015bniu zorganizowa\u0142a kolejn\u0105 edycj\u0105 \u201eOdra Jazz Festiwal 2025\u201d. Zesz\u0142oroczne wydarzenia cieszy\u0142y si\u0119 tak du\u017cym zainteresowaniem, \u017ce organizatorzy postanowili kontynuowa\u0107 i rozbudowywa\u0107 ten wyj\u0105tkowy cykl koncertowy, kt\u00f3ry odbywa si\u0119 po obu stronach granicy. Odra jako wsp\u00f3lne dziedzictwo obu kraj\u00f3w nie tylko \u0142\u0105czy muzyk\u00f3w z Polski i Niemiec ale tak\u017ce promuje polskich wykonawc\u00f3w po drugiej stronie granicy. Odby\u0142o si\u0119 dziesi\u0119\u0107 koncert\u00f3w po pi\u0119\u0107 w ka\u017cdym z kraj\u00f3w, wiele z nich mi\u0142o miejsce w miejscowo\u015bciach, kt\u00f3rych mieszka\u0144cy rzadko maj\u0105 okazj\u0119 uczestniczy\u0107 w koncertach jazzowych.<\/p>\t\t\t\t\t\t\t\t<\/div>\n\t\t\t\t<\/div>\n\t\t\t\t<div class=\"elementor-element elementor-element-417c023 elementor-widget elementor-widget-text-editor\" data-id=\"417c023\" data-element_type=\"widget\" data-widget_type=\"text-editor.default\">\n\t\t\t\t<div class=\"elementor-widget-container\">\n\t\t\t\t\t\t\t\t\t<p>Die <strong>Stiftung Generator Sztuki aus Stettin<\/strong> organisierte im August und September die n\u00e4chste Ausgabe des <strong>\u201eOdra Jazz Festival 2025\u201c<\/strong>. Die Veranstaltungen des vergangenen Jahres stie\u00dfen auf so gro\u00dfes Interesse, dass die Organisatoren beschlossen, diese au\u00dfergew\u00f6hnliche grenz\u00fcberschreitende Konzertreihe fortzuf\u00fchren und weiter auszubauen. Die Oder als gemeinsames Kulturerbe beider L\u00e4nder verbindet nicht nur Musiker aus Polen und Deutschland, sondern f\u00f6rdert auch die Pr\u00e4senz polnischer K\u00fcnstler auf der anderen Seite der Grenze. Es fanden insgesamt <strong>zehn Konzerte<\/strong> statt \u2013 jeweils f\u00fcnf in jedem der beiden L\u00e4nder. Viele davon wurden in Orten organisiert, deren Bewohner nur selten die M\u00f6glichkeit haben, Jazzkonzerte zu erleben.<\/p>\t\t\t\t\t\t\t\t<\/div>\n\t\t\t\t<\/div>\n\t\t\t\t\t<\/div>\n\t\t\t\t<\/div>\n\t\t<div class=\"elementor-element elementor-element-2b76251 e-flex e-con-boxed e-con e-parent\" data-id=\"2b76251\" data-element_type=\"container\">\n\t\t\t\t\t<div class=\"e-con-inner\">\n\t\t\t\t<div class=\"elementor-element elementor-element-903bcbb elementor-widget elementor-widget-heading\" data-id=\"903bcbb\" data-element_type=\"widget\" data-widget_type=\"heading.default\">\n\t\t\t\t<div class=\"elementor-widget-container\">\n\t\t\t\t\t<h2 class=\"elementor-heading-title elementor-size-default\">Anna Nowik &amp; Swing Lovers<\/h2>\t\t\t\t<\/div>\n\t\t\t\t<\/div>\n\t\t\t\t\t<\/div>\n\t\t\t\t<\/div>\n\t\t<div class=\"elementor-element elementor-element-8cbe74c e-grid e-con-boxed e-con e-parent\" data-id=\"8cbe74c\" data-element_type=\"container\">\n\t\t\t\t\t<div class=\"e-con-inner\">\n\t\t\t\t<div class=\"elementor-element elementor-element-0f67d48 elementor-widget elementor-widget-image\" data-id=\"0f67d48\" data-element_type=\"widget\" data-widget_type=\"image.default\">\n\t\t\t\t<div class=\"elementor-widget-container\">\n\t\t\t\t\t\t\t\t\t\t\t\t\t\t\t<img decoding=\"async\" width=\"1024\" height=\"1024\" src=\"https:\/\/generatorsztuki.pl\/wp-content\/uploads\/2025\/09\/Muncheberg1080x1080-1024x1024.png\" class=\"attachment-large size-large wp-image-369\" alt=\"\" srcset=\"https:\/\/generatorsztuki.pl\/wp-content\/uploads\/2025\/09\/Muncheberg1080x1080-1024x1024.png 1024w, https:\/\/generatorsztuki.pl\/wp-content\/uploads\/2025\/09\/Muncheberg1080x1080-300x300.png 300w, https:\/\/generatorsztuki.pl\/wp-content\/uploads\/2025\/09\/Muncheberg1080x1080-150x150.png 150w, https:\/\/generatorsztuki.pl\/wp-content\/uploads\/2025\/09\/Muncheberg1080x1080-768x768.png 768w, https:\/\/generatorsztuki.pl\/wp-content\/uploads\/2025\/09\/Muncheberg1080x1080.png 1080w\" sizes=\"(max-width: 1024px) 100vw, 1024px\" \/>\t\t\t\t\t\t\t\t\t\t\t\t\t\t\t<\/div>\n\t\t\t\t<\/div>\n\t\t\t\t<div class=\"elementor-element elementor-element-e38642d elementor-widget elementor-widget-text-editor\" data-id=\"e38642d\" data-element_type=\"widget\" data-widget_type=\"text-editor.default\">\n\t\t\t\t<div class=\"elementor-widget-container\">\n\t\t\t\t\t\t\t\t\t<p class=\"p1\">\u00a0<\/p><p>\u00c4hnlich wie im vergangenen Jahr luden die Organisatoren <strong>Ania Nowik<\/strong> mit der Band <em>Swing Lovers<\/em> zur Zusammenarbeit ein. Die K\u00fcnstlerin ist Preistr\u00e4gerin renommierter Wettbewerbe der traditionellen Musik und des Dixieland, darunter der <strong>Goldenen Tarka 2023<\/strong>. Sie tritt aktiv als Solistin und mit ihrer eigenen Band in Polen, Deutschland und D\u00e4nemark auf. Au\u00dferdem arbeitet sie mit zahlreichen d\u00e4nischen Ensembles sowie der ber\u00fchmten Familie <strong>Carling<\/strong> zusammen. Dank des \u201eOdra Jazz Festivals\u201c wird sichtbar, dass der traditionelle Jazz auch in Polen und Deutschland gro\u00dfe Beliebtheit genie\u00dft. Ania Nowik \u00fcberzeugt sowohl als S\u00e4ngerin als auch als Posaunistin und Trompeterin und wird von hervorragenden Instrumentalist:innen begleitet. Auf dem Programm des Konzerts standen die gr\u00f6\u00dften Klassiker des Swing und des traditionellen Jazz von K\u00fcnstlern wie <strong>Louis Armstrong<\/strong> und <strong>Ella Fitzgerald<\/strong>.<\/p><p><strong>Sie spielten:<\/strong><\/p><p>Anna Nowik \u2013 Gesang \/ Posaune \/ Trompete<br \/>Maciej Strycharczyk \u2013 Klarinette<br \/>Marcin Matecki \u2013 Piano<br \/>Janusz \u201eKanapa\u201c J\u0119drzejewski \u2013 Kontrabass<br \/>Mariusz Lipi\u0144ski \u2013 Schlagzeug<\/p>\t\t\t\t\t\t\t\t<\/div>\n\t\t\t\t<\/div>\n\t\t\t\t<div class=\"elementor-element elementor-element-9a80798 elementor-widget elementor-widget-text-editor\" data-id=\"9a80798\" data-element_type=\"widget\" data-widget_type=\"text-editor.default\">\n\t\t\t\t<div class=\"elementor-widget-container\">\n\t\t\t\t\t\t\t\t\t<p data-start=\"44\" data-end=\"960\">Wie schon im vergangenen Jahr haben die Veranstalter auch diesmal Ania Nowik mit ihrer Band <em data-start=\"136\" data-end=\"150\">Swing Lovers<\/em> zur Zusammenarbeit eingeladen. Die K\u00fcnstlerin ist Preistr\u00e4gerin renommierter Wettbewerbe f\u00fcr traditionelle Musik und Dixieland, unter anderem des \u201eGoldene Tarka\u201c-Preises im Jahr 2023. Sie tritt aktiv sowohl als Solistin als auch mit ihrem eigenen Ensemble in Polen, Deutschland und D\u00e4nemark auf. Dar\u00fcber hinaus arbeitet sie mit zahlreichen d\u00e4nischen Bands sowie mit der ber\u00fchmten Familie Carling zusammen. Dank des \u201eOdra Jazz Festivals\u201c zeigt sich, dass auch in Polen und Deutschland der traditionelle Jazz gro\u00dfe Beliebtheit genie\u00dft.<br data-start=\"684\" data-end=\"687\" \/>Ania Nowik \u00fcberzeugt gleicherma\u00dfen als S\u00e4ngerin wie auch auf der Posaune und Trompete, begleitet von hervorragenden Instrumentalisten. Im Konzertprogramm stehen die gr\u00f6\u00dften Hits des Swing und des traditionellen Jazz von K\u00fcnstlern wie Louis Armstrong oder Ella Fitzgerald.<\/p><p data-start=\"962\" data-end=\"1160\"><strong data-start=\"962\" data-end=\"977\">Es spielen:<\/strong><br data-start=\"977\" data-end=\"980\" \/>Anna Nowik \u2013 Gesang \/ Posaune \/ Trompete<br data-start=\"1020\" data-end=\"1023\" \/>Maciej Strycharczyk \u2013 Klarinette<br data-start=\"1055\" data-end=\"1058\" \/>Marcin Matecki \u2013 Klavier<br data-start=\"1082\" data-end=\"1085\" data-is-only-node=\"\" \/>Janusz \u201eKanapa\u201c J\u0119drzejewski \u2013 Kontrabass<br data-start=\"1126\" data-end=\"1129\" \/>Mariusz Lipi\u0144ski \u2013 Schlagzeug<\/p>\t\t\t\t\t\t\t\t<\/div>\n\t\t\t\t<\/div>\n\t\t\t\t<div class=\"elementor-element elementor-element-535d044 elementor-widget elementor-widget-image\" data-id=\"535d044\" data-element_type=\"widget\" data-widget_type=\"image.default\">\n\t\t\t\t<div class=\"elementor-widget-container\">\n\t\t\t\t\t\t\t\t\t\t\t\t\t\t\t<img decoding=\"async\" width=\"683\" height=\"1024\" src=\"https:\/\/generatorsztuki.pl\/wp-content\/uploads\/2025\/09\/P1019461-683x1024.jpg\" class=\"attachment-large size-large wp-image-379\" alt=\"\" srcset=\"https:\/\/generatorsztuki.pl\/wp-content\/uploads\/2025\/09\/P1019461-683x1024.jpg 683w, https:\/\/generatorsztuki.pl\/wp-content\/uploads\/2025\/09\/P1019461-200x300.jpg 200w, https:\/\/generatorsztuki.pl\/wp-content\/uploads\/2025\/09\/P1019461-768x1152.jpg 768w, https:\/\/generatorsztuki.pl\/wp-content\/uploads\/2025\/09\/P1019461.jpg 800w\" sizes=\"(max-width: 683px) 100vw, 683px\" \/>\t\t\t\t\t\t\t\t\t\t\t\t\t\t\t<\/div>\n\t\t\t\t<\/div>\n\t\t\t\t\t<\/div>\n\t\t\t\t<\/div>\n\t\t<div class=\"elementor-element elementor-element-11a8e49 e-flex e-con-boxed e-con e-parent\" data-id=\"11a8e49\" data-element_type=\"container\">\n\t\t\t\t\t<div class=\"e-con-inner\">\n\t\t\t\t<div class=\"elementor-element elementor-element-57d05d5 elementor-widget elementor-widget-heading\" data-id=\"57d05d5\" data-element_type=\"widget\" data-widget_type=\"heading.default\">\n\t\t\t\t<div class=\"elementor-widget-container\">\n\t\t\t\t\t<h2 class=\"elementor-heading-title elementor-size-default\">RetroVibe Jazz Band<\/h2>\t\t\t\t<\/div>\n\t\t\t\t<\/div>\n\t\t\t\t<div class=\"elementor-element elementor-element-1b4d1d4 elementor-widget elementor-widget-image\" data-id=\"1b4d1d4\" data-element_type=\"widget\" data-widget_type=\"image.default\">\n\t\t\t\t<div class=\"elementor-widget-container\">\n\t\t\t\t\t\t\t\t\t\t\t\t\t\t\t<img loading=\"lazy\" decoding=\"async\" width=\"1024\" height=\"683\" src=\"https:\/\/generatorsztuki.pl\/wp-content\/uploads\/2025\/09\/P1244033-1024x683.jpg\" class=\"attachment-large size-large wp-image-381\" alt=\"\" srcset=\"https:\/\/generatorsztuki.pl\/wp-content\/uploads\/2025\/09\/P1244033-1024x683.jpg 1024w, https:\/\/generatorsztuki.pl\/wp-content\/uploads\/2025\/09\/P1244033-300x200.jpg 300w, https:\/\/generatorsztuki.pl\/wp-content\/uploads\/2025\/09\/P1244033-768x512.jpg 768w, https:\/\/generatorsztuki.pl\/wp-content\/uploads\/2025\/09\/P1244033-1536x1024.jpg 1536w, https:\/\/generatorsztuki.pl\/wp-content\/uploads\/2025\/09\/P1244033-2048x1365.jpg 2048w\" sizes=\"(max-width: 1024px) 100vw, 1024px\" \/>\t\t\t\t\t\t\t\t\t\t\t\t\t\t\t<\/div>\n\t\t\t\t<\/div>\n\t\t\t\t\t<\/div>\n\t\t\t\t<\/div>\n\t\t<div class=\"elementor-element elementor-element-3edf7b9 e-grid e-con-boxed e-con e-parent\" data-id=\"3edf7b9\" data-element_type=\"container\">\n\t\t\t\t\t<div class=\"e-con-inner\">\n\t\t\t\t<div class=\"elementor-element elementor-element-e63f6e4 elementor-widget elementor-widget-text-editor\" data-id=\"e63f6e4\" data-element_type=\"widget\" data-widget_type=\"text-editor.default\">\n\t\t\t\t<div class=\"elementor-widget-container\">\n\t\t\t\t\t\t\t\t\t<p class=\"p1\">Powsta\u0142 tak\u017ce szczeci\u0144sko-berli\u0144ski projekt \u201eRetroVibe Jazz Band\u201d. Zesp\u00f3\u0142 \u0142\u0105czy estetyk\u0119 elektrycznego jazzu lat 70. z nowoczesnymi \u015brodkami wyrazu, tworz\u0105c muzyk\u0119 osadzon\u0105 na pograniczu improwizacji, elektroniki i wsp\u00f3\u0142czesnych brzmie\u0144 klubowych. Ich podej\u015bcie opiera si\u0119 na kolektywnym graniu, gdzie struktura kompozycji pozostaje otwarta, a ka\u017cdy utw\u00f3r rozwija si\u0119 organicznie, w rytmie chwili.<\/p><p class=\"p1\">Do wsp\u00f3\u0142pracy szczeci\u0144scy muzycy zaprosili m.in. mieszkaj\u0105cego w Berlinie pianist\u0119 Matti Klein, kt\u00f3ry zagra na pianie Fendera oraz Wurlitzer a tak\u017ce basist\u0119 Martina Buhl. Sekstet mia\u0142 rozbudowan\u0105 sekcj\u0119 perkusyjn\u0105, kt\u00f3r\u0105 stworzyli: Radek Wo\u015bko i Andrzej Janusz, kt\u00f3rzy zadbali o transowe, hipnotyczne rytmy. Sk\u0142ad uzupe\u0142ni\u0105 Tomasz Licak na tenorze i Micha\u0142 Starkiewicz na gitarze i elektronice. To muzyka otwarta, intuicyjna i g\u0142\u0119boko zanurzona w d\u017awi\u0119kowym eksperymencie i hipnotycznym rytmie. Zesp\u00f3\u0142 zagra\u0142 sze\u015b\u0107 koncert\u00f3w.<\/p><p class=\"p1\"><strong>Zagraj\u0105:<\/strong><br \/>Matti Klein &#8211; rhodes, Wurlitzer<br \/>Tomasz Licak &#8211; saksofon<br \/>Micha\u0142 Starkiewicz &#8211; gitara<br \/>Martin Buhl &#8211; bas<br \/>Andrzej Janusz &#8211; instr. Perkusyjne<br \/>Radek Wo\u015bko &#8211; perkusja<\/p><p>Festiwal zako\u0144czy\u0142 si\u0119 koncertem fina\u0142owym w szczeci\u0144skim Klubie Jazzment. W koncercie go\u015bciem specjalnym by\u0142a Kota No Uta &#8211; wokalistka z Berlina oraz muzycy z poprzedniej edycji festiwalu.<\/p>\t\t\t\t\t\t\t\t<\/div>\n\t\t\t\t<\/div>\n\t\t\t\t<div class=\"elementor-element elementor-element-e54c757 elementor-widget elementor-widget-text-editor\" data-id=\"e54c757\" data-element_type=\"widget\" data-widget_type=\"text-editor.default\">\n\t\t\t\t<div class=\"elementor-widget-container\">\n\t\t\t\t\t\t\t\t\t<p data-start=\"0\" data-end=\"429\">Es entstand auch das Stettin-Berliner Projekt \u201eRetroVibe Jazz Band\u201c. Die Band verbindet die \u00c4sthetik des elektrischen Jazz der 70er-Jahre mit modernen Ausdrucksmitteln und schafft Musik an der Schnittstelle von Improvisation, Elektronik und zeitgen\u00f6ssischen Club-Sounds. Ihr Ansatz basiert auf kollektivem Spiel, bei dem die Struktur der Komposition offen bleibt und jedes St\u00fcck sich organisch im Rhythmus des Moments entwickelt.<\/p><p data-start=\"431\" data-end=\"1081\">F\u00fcr die Zusammenarbeit luden die Stettiner Musiker unter anderem den in Berlin lebenden Pianisten <strong data-start=\"529\" data-end=\"544\">Matti Klein<\/strong> ein, der auf dem <strong data-start=\"562\" data-end=\"579\">Fender Rhodes<\/strong> und dem <strong data-start=\"588\" data-end=\"601\">Wurlitzer<\/strong> spielt, sowie den Bassisten <strong data-start=\"630\" data-end=\"645\">Martin Buhl<\/strong>. Das Sextett verf\u00fcgte \u00fcber eine erweiterte Percussion-Sektion, die von <strong data-start=\"717\" data-end=\"732\">Radek Wo\u015bko<\/strong> und <strong data-start=\"737\" data-end=\"755\">Andrzej Janusz<\/strong> gebildet wurde und f\u00fcr tranceartige, hypnotische Rhythmen sorgte. Erg\u00e4nzt wird das Ensemble durch <strong data-start=\"854\" data-end=\"870\">Tomasz Licak<\/strong> am Tenorsaxophon und <strong data-start=\"892\" data-end=\"914\">Micha\u0142 Starkiewicz<\/strong> an Gitarre und Elektronik. Es ist eine offene, intuitive Musik, tief verwurzelt im klanglichen Experiment und im hypnotischen Groove. Die Band spielte sechs Konzerte.<\/p><p data-start=\"1083\" data-end=\"1099\"><strong data-start=\"1083\" data-end=\"1099\">Sie spielen:<\/strong><\/p><p data-start=\"1102\" data-end=\"1135\">Matti Klein \u2013 Rhodes, Wurlitzer<br \/>Tomasz Licak \u2013 Saxophon<br \/>Micha\u0142 Starkiewicz \u2013 Gitarre<br \/>Martin Buhl \u2013 Bass<br \/>Andrzej Janusz \u2013 Perkussionsinstrumente<br \/>Radek Wo\u015bko \u2013 Schlagzeug<\/p><p data-start=\"1294\" data-end=\"1504\" data-is-last-node=\"\" data-is-only-node=\"\">Das Festival endete mit einem Abschlusskonzert im Stettiner Klub Jazzment. Als Special Guest trat die Berliner S\u00e4ngerin <strong data-start=\"1414\" data-end=\"1429\">Kota No Uta<\/strong> auf, gemeinsam mit Musiker:innen aus der vorherigen Ausgabe des Festivals.<\/p>\t\t\t\t\t\t\t\t<\/div>\n\t\t\t\t<\/div>\n\t\t\t\t\t<\/div>\n\t\t\t\t<\/div>\n\t\t<div class=\"elementor-element elementor-element-9e039f3 e-flex e-con-boxed e-con e-parent\" data-id=\"9e039f3\" data-element_type=\"container\">\n\t\t\t\t\t<div class=\"e-con-inner\">\n\t\t\t\t<div class=\"elementor-element elementor-element-636dff2 elementor-widget elementor-widget-heading\" data-id=\"636dff2\" data-element_type=\"widget\" data-widget_type=\"heading.default\">\n\t\t\t\t<div class=\"elementor-widget-container\">\n\t\t\t\t\t<h2 class=\"elementor-heading-title elementor-size-default\">Koncerty \/ Konzerte<\/h2>\t\t\t\t<\/div>\n\t\t\t\t<\/div>\n\t\t\t\t\t<\/div>\n\t\t\t\t<\/div>\n\t\t<div class=\"elementor-element elementor-element-236c4b4 e-grid e-con-boxed e-con e-parent\" data-id=\"236c4b4\" data-element_type=\"container\">\n\t\t\t\t\t<div class=\"e-con-inner\">\n\t\t\t\t<div class=\"elementor-element elementor-element-e54040e elementor-widget elementor-widget-text-editor\" data-id=\"e54040e\" data-element_type=\"widget\" data-widget_type=\"text-editor.default\">\n\t\t\t\t<div class=\"elementor-widget-container\">\n\t\t\t\t\t\t\t\t\t<p class=\"p1\"><b>\u00a0<\/b><\/p><p class=\"p1\"><b>\u00a0<\/b><\/p><p class=\"p1\"><b>Sierpie\u0144 \/ August:<\/b><b><\/b><\/p><p class=\"p1\">1.08<span class=\"Apple-converted-space\">\u00a0 <\/span>&#8211; Brollin 19.00 &#8211; Anna Nowik &amp; Swing Lovers<br \/>23.08 &#8211; Przelewice &#8211; 17.00 &#8211; RetroVibe<br \/>28.08 &#8211; \u015awinouj\u015bcie &#8211; 19.00 &#8211; RetroVibe<\/p><p class=\"p1\">29.08 &#8211; Prenzlau &#8211; 18.00 &#8211; RetroVibe<\/p><p class=\"p1\">30.08 &#8211; Chojna &#8211; 18.00 &#8211; Anna Nowik &amp; Swing Lovers<\/p><p class=\"p1\"><b>Wrzesie\u0144 \/ September:<\/b><b><\/b><\/p><p class=\"p1\">5.09 &#8211; Muncheberg &#8211; 17:30 &#8211; Anna Nowik &amp; Swing Lovers<\/p><p class=\"p1\">6.09 &#8211; Schwedt &#8211; 19.00 &#8211; RetroVibe<\/p><p class=\"p1\">12.09 &#8211; Szczecin Jazzment &#8211; 20.00 &#8211; RetroVibe<\/p><p class=\"p1\">13.09 &#8211; Buckow &#8211; 17:00 &#8211; RetroVibe<\/p><p class=\"p1\">20.09 &#8211; Szczecin Jazzment &#8211; Odra Jazz Festiwal &#8211; Koncert Fina\u0142owy \/ Final Konzerte<\/p>\t\t\t\t\t\t\t\t<\/div>\n\t\t\t\t<\/div>\n\t\t\t\t<div class=\"elementor-element elementor-element-841c997 elementor-widget elementor-widget-image\" data-id=\"841c997\" data-element_type=\"widget\" data-widget_type=\"image.default\">\n\t\t\t\t<div class=\"elementor-widget-container\">\n\t\t\t\t\t\t\t\t\t\t\t\t\t\t\t<img loading=\"lazy\" decoding=\"async\" width=\"681\" height=\"1024\" src=\"https:\/\/generatorsztuki.pl\/wp-content\/uploads\/2025\/09\/DSC_6718-681x1024.jpg\" class=\"attachment-large size-large wp-image-382\" alt=\"\" srcset=\"https:\/\/generatorsztuki.pl\/wp-content\/uploads\/2025\/09\/DSC_6718-681x1024.jpg 681w, https:\/\/generatorsztuki.pl\/wp-content\/uploads\/2025\/09\/DSC_6718-200x300.jpg 200w, https:\/\/generatorsztuki.pl\/wp-content\/uploads\/2025\/09\/DSC_6718-768x1154.jpg 768w, https:\/\/generatorsztuki.pl\/wp-content\/uploads\/2025\/09\/DSC_6718-1022x1536.jpg 1022w, https:\/\/generatorsztuki.pl\/wp-content\/uploads\/2025\/09\/DSC_6718-1363x2048.jpg 1363w, https:\/\/generatorsztuki.pl\/wp-content\/uploads\/2025\/09\/DSC_6718-scaled.jpg 1703w\" sizes=\"(max-width: 681px) 100vw, 681px\" \/>\t\t\t\t\t\t\t\t\t\t\t\t\t\t\t<\/div>\n\t\t\t\t<\/div>\n\t\t\t\t\t<\/div>\n\t\t\t\t<\/div>\n\t\t<div class=\"elementor-element elementor-element-6b35acf e-grid e-con-boxed e-con e-parent\" data-id=\"6b35acf\" data-element_type=\"container\">\n\t\t\t\t\t<div class=\"e-con-inner\">\n\t\t\t\t<div class=\"elementor-element elementor-element-7efb3c7 elementor-widget elementor-widget-text-editor\" data-id=\"7efb3c7\" data-element_type=\"widget\" data-widget_type=\"text-editor.default\">\n\t\t\t\t<div class=\"elementor-widget-container\">\n\t\t\t\t\t\t\t\t\t<p data-start=\"44\" data-end=\"93\">Der Eintritt zu allen Veranstaltungen ist frei.<\/p><p data-start=\"95\" data-end=\"477\">Das Projekt <strong data-start=\"107\" data-end=\"131\">\u201eJazz Oder Festival 2025\u201c<\/strong> wird durch die Europ\u00e4ische Union aus Mitteln des <strong data-start=\"181\" data-end=\"229\">Europ\u00e4ischen Fonds f\u00fcr regionale Entwicklung<\/strong> (Kleinprojektefonds im Rahmen des Kooperationsprogramms <strong data-start=\"286\" data-end=\"354\">Interreg VI A Mecklenburg-Vorpommern\/Brandenburg\/Polen 2021\u20132027<\/strong>) im Rahmen des spezifischen Ziels 4.6 \u201eKultur und nachhaltiger Tourismus\u201c mit einer Summe von <strong data-start=\"449\" data-end=\"464\">38.023 Euro<\/strong> gef\u00f6rdert.<\/p><p>Ziel und Ergebnis des Projekts war die Intensivierung der Zusammenarbeit im Bereich Kultur und Kunst durch die Organisation von zehn Jazzkonzerten im Grenzgebiet, die in Polen und in Deutschland stattfanden.<br \/><br \/><\/p><p>\u201eErreichte Indikatoren:<br \/>O084 Grenz\u00fcberschreitend kooperierende Organisationen nach Projektabschluss: 3,<br \/>O081 Teilnehmende: 532 (geplant waren 250).\u201c<\/p><p>\u201eDar\u00fcber hinaus erhielt das Projekt Unterst\u00fctzung von der Stiftung f\u00fcr deutsch-polnische Zusammenarbeit sowie von der Stadt Szczecin. Das Projekt wurde aus der zweckgebundenen Reserve des Staatshaushalts kofinanziert.\u201c<\/p><p data-start=\"618\" data-end=\"731\">Medienpartner des Projekts sind: <strong data-start=\"651\" data-end=\"669\">wSzczecinie.pl<\/strong>, das Stettiner Magazin <strong data-start=\"693\" data-end=\"706\">\u201ePresti\u017c\u201c<\/strong> und <strong data-start=\"711\" data-end=\"728\">\u201eJazzkultura\u201c<\/strong>.<\/p>\t\t\t\t\t\t\t\t<\/div>\n\t\t\t\t<\/div>\n\t\t\t\t<div class=\"elementor-element elementor-element-f45a6df elementor-widget elementor-widget-text-editor\" data-id=\"f45a6df\" data-element_type=\"widget\" data-widget_type=\"text-editor.default\">\n\t\t\t\t<div class=\"elementor-widget-container\">\n\t\t\t\t\t\t\t\t\t<p class=\"p1\">Wst\u0119p na wszystkie wydarzenia jest darmowy.\u00a0<\/p><p class=\"p1\">Projekt \u201eJazz \u201eOder Festival 2025&#8243; jest dofinansowany przez Uni\u0119 Europejsk\u0105 ze \u015brodk\u00f3w <strong>Europejskiego Funduszu Rozwoju Regionalnego<\/strong> (Fundusz Ma\u0142ych Projekt\u00f3w w ramach <strong>Programu Wsp\u00f3\u0142pracy Interreg VI A Meklemburgia-Pomorze Przednie\/Brandenburgia\/Polska 2021-2027<\/strong>) w ramach celu szczeg\u00f3\u0142owego 4.6 \u201eKultura i zr\u00f3wnowa\u017cona turystyka\u201d w kwocie: <strong>38 023 Euro\u00a0<\/strong><\/p><p style=\"font-weight: 400;\">Celem i rezultatem projektu by\u0142a intensyfikacja wsp\u00f3\u0142pracy w zakresie kultury i sztuki poprzez organizacj\u0119 dziesi\u0119ciu koncert\u00f3w jazzowych na pograniczu, kt\u00f3re odby\u0142y si\u0119 w Polsce i w Niemczech.<\/p><p style=\"font-weight: 400;\">\u201eOsi\u0105gni\u0119to wska\u017aniki:<br \/>O084 Organizacje wsp\u00f3\u0142pracuj\u0105ce ponad granicami po zako\u0144czeniu projektu: 3,<br \/>O081 Uczestnicy: 532 (zak\u0142adano 250)\u201d<\/p><p class=\"p1\">Dodatkowo projekt uzyska\u0142 wsparcie <strong>Fundacji Wsp\u00f3\u0142pracy Polsko-Niemieckiej<\/strong> oraz <strong>Miasta Szczecin. <\/strong>Projekt dofinansowano z rezerwy celowej bud\u017cetu pa\u0144stwa.<\/p><p class=\"p1\">Partnerami medialnymi projektu s\u0105: <strong>wSzczecinie.pl<\/strong> oraz <strong>Magazyn Szczeci\u0144ski \u201ePresti\u017c\u201d<\/strong> i &#8222;<strong>Jazzkultura&#8221;.<\/strong><\/p>\t\t\t\t\t\t\t\t<\/div>\n\t\t\t\t<\/div>\n\t\t\t\t\t<\/div>\n\t\t\t\t<\/div>\n\t\t<div class=\"elementor-element elementor-element-5cf7e12 e-flex e-con-boxed e-con e-parent\" data-id=\"5cf7e12\" data-element_type=\"container\">\n\t\t\t\t\t<div class=\"e-con-inner\">\n\t\t\t\t\t<\/div>\n\t\t\t\t<\/div>\n\t\t\t\t<\/div>\n\t\t","protected":false},"excerpt":{"rendered":"<p>Fundacja Generator Sztuki ze Szczecina w sierpniu i wrze\u015bniu zorganizowa\u0142a kolejn\u0105 edycj\u0105 \u201eOdra Jazz Festiwal 2025\u201d. Zesz\u0142oroczne wydarzenia cieszy\u0142y si\u0119 tak du\u017cym zainteresowaniem, \u017ce organizatorzy postanowili kontynuowa\u0107 i rozbudowywa\u0107&#8230;<\/p>\n","protected":false},"author":1,"featured_media":0,"parent":0,"menu_order":0,"comment_status":"closed","ping_status":"closed","template":"","meta":{"footnotes":""},"class_list":["post-146","page","type-page","status-publish","hentry"],"_links":{"self":[{"href":"https:\/\/generatorsztuki.pl\/index.php\/wp-json\/wp\/v2\/pages\/146","targetHints":{"allow":["GET"]}}],"collection":[{"href":"https:\/\/generatorsztuki.pl\/index.php\/wp-json\/wp\/v2\/pages"}],"about":[{"href":"https:\/\/generatorsztuki.pl\/index.php\/wp-json\/wp\/v2\/types\/page"}],"author":[{"embeddable":true,"href":"https:\/\/generatorsztuki.pl\/index.php\/wp-json\/wp\/v2\/users\/1"}],"replies":[{"embeddable":true,"href":"https:\/\/generatorsztuki.pl\/index.php\/wp-json\/wp\/v2\/comments?post=146"}],"version-history":[{"count":31,"href":"https:\/\/generatorsztuki.pl\/index.php\/wp-json\/wp\/v2\/pages\/146\/revisions"}],"predecessor-version":[{"id":557,"href":"https:\/\/generatorsztuki.pl\/index.php\/wp-json\/wp\/v2\/pages\/146\/revisions\/557"}],"wp:attachment":[{"href":"https:\/\/generatorsztuki.pl\/index.php\/wp-json\/wp\/v2\/media?parent=146"}],"curies":[{"name":"wp","href":"https:\/\/api.w.org\/{rel}","templated":true}]}}