{"id":47,"date":"2023-12-07T22:59:29","date_gmt":"2023-12-07T22:59:29","guid":{"rendered":"http:\/\/generatorsztuki.pl\/?page_id=47"},"modified":"2023-12-16T21:22:09","modified_gmt":"2023-12-16T21:22:09","slug":"47-2","status":"publish","type":"page","link":"https:\/\/generatorsztuki.pl\/index.php\/47-2\/","title":{"rendered":"Jam Session"},"content":{"rendered":"\n<div class=\"wp-block-group alignfull has-base-background-color has-background is-layout-constrained wp-container-core-group-is-layout-d89aad35 wp-block-group-is-layout-constrained\" style=\"margin-top:0;margin-bottom:0;padding-top:var(--wp--preset--spacing--50);padding-right:var(--wp--preset--spacing--50);padding-bottom:var(--wp--preset--spacing--50);padding-left:var(--wp--preset--spacing--50)\">\n<div class=\"wp-block-columns alignwide is-layout-flex wp-container-core-columns-is-layout-549b0c86 wp-block-columns-is-layout-flex\">\n<div class=\"wp-block-column is-content-justification-left is-layout-constrained wp-container-core-column-is-layout-4f15e8fe wp-block-column-is-layout-constrained\" style=\"flex-basis:40%\">\n<figure class=\"wp-block-image alignfull size-large\"><img fetchpriority=\"high\" decoding=\"async\" width=\"1024\" height=\"683\" src=\"https:\/\/generatorsztuki.pl\/wp-content\/uploads\/2023\/12\/SEB_3502-1024x683.jpg\" alt=\"\" class=\"wp-image-50\" srcset=\"https:\/\/generatorsztuki.pl\/wp-content\/uploads\/2023\/12\/SEB_3502-1024x683.jpg 1024w, https:\/\/generatorsztuki.pl\/wp-content\/uploads\/2023\/12\/SEB_3502-300x200.jpg 300w, https:\/\/generatorsztuki.pl\/wp-content\/uploads\/2023\/12\/SEB_3502-768x512.jpg 768w, https:\/\/generatorsztuki.pl\/wp-content\/uploads\/2023\/12\/SEB_3502-1536x1024.jpg 1536w, https:\/\/generatorsztuki.pl\/wp-content\/uploads\/2023\/12\/SEB_3502-2048x1366.jpg 2048w\" sizes=\"(max-width: 1024px) 100vw, 1024px\" \/><\/figure>\n<\/div>\n\n\n\n<div class=\"wp-block-column is-layout-flow wp-container-core-column-is-layout-119bc444 wp-block-column-is-layout-flow\" style=\"flex-basis:60%\">\n<p class=\"has-heading-font-family has-x-large-font-size\" style=\"line-height:1.2\">Jam Session to wsparcie i tworzenie lokalnej sceny muzycznej i \u015brodowiska muzyk\u00f3w w Szczecinie.<\/p>\n\n\n\n<div class=\"wp-block-columns is-layout-flex wp-container-core-columns-is-layout-87beb0d0 wp-block-columns-is-layout-flex\">\n<div class=\"wp-block-column is-layout-flow wp-block-column-is-layout-flow\">\n<p class=\"wp-container-content-9cfa9a5a\">Fundacja rozpocz\u0119\u0142a organizacj\u0119 Jam Session w 2021 roku. Wsp\u00f3lne granie na scenie i spotkanie muzyk\u00f3w to najlepszy spos\u00f3b na doskonalenie warsztatu, kompetencji artystycznych, inspiracji i motywacji. Spotkanie m\u0142odych muzyk\u00f3w z do\u015bwiadczonymi profesjonalistami jest absolutnie bezcenne i niezast\u0105pione.<\/p>\n<\/div>\n\n\n\n<div class=\"wp-block-column is-layout-flow wp-block-column-is-layout-flow\">\n<p>Szczeci\u0144skie Jam Session ciesz\u0105 si\u0119 od pocz\u0105tku du\u017cym zainteresowaniem publiczno\u015bci, kt\u00f3ra co dwa tygodnie szczelnie wype\u0142nia klub na starym mie\u015bcie. <br>Jamy odbywaj\u0105 si\u0119 dzi\u0119ki wsparciu Miasta Szczecin oraz Urz\u0119du Marsza\u0142kowskiego Wojew\u00f3dztwa Zachodniopomorskiego. <\/p>\n<\/div>\n<\/div>\n<\/div>\n<\/div>\n<\/div>\n\n\n\n<div class=\"wp-block-group alignfull has-accent-5-background-color has-background is-layout-constrained wp-container-core-group-is-layout-d89aad35 wp-block-group-is-layout-constrained\" style=\"margin-top:0;margin-bottom:0;padding-top:var(--wp--preset--spacing--50);padding-right:var(--wp--preset--spacing--50);padding-bottom:var(--wp--preset--spacing--50);padding-left:var(--wp--preset--spacing--50)\">\n<div class=\"wp-block-columns alignwide is-layout-flex wp-container-core-columns-is-layout-1da03c2a wp-block-columns-is-layout-flex\">\n<div class=\"wp-block-column is-vertically-aligned-center is-layout-flow wp-block-column-is-layout-flow\" style=\"flex-basis:60%\">\n<figure class=\"wp-block-image size-full is-resized is-style-default wp-duotone-varpresetduotoneduotone-1-1\"><img decoding=\"async\" width=\"2048\" height=\"1536\" src=\"https:\/\/generatorsztuki.pl\/wp-content\/uploads\/2023\/12\/P1122812.jpg\" alt=\"\" class=\"wp-image-51\" style=\"object-fit:cover;width:937px;height:auto\" srcset=\"https:\/\/generatorsztuki.pl\/wp-content\/uploads\/2023\/12\/P1122812.jpg 2048w, https:\/\/generatorsztuki.pl\/wp-content\/uploads\/2023\/12\/P1122812-300x225.jpg 300w, https:\/\/generatorsztuki.pl\/wp-content\/uploads\/2023\/12\/P1122812-1024x768.jpg 1024w, https:\/\/generatorsztuki.pl\/wp-content\/uploads\/2023\/12\/P1122812-768x576.jpg 768w, https:\/\/generatorsztuki.pl\/wp-content\/uploads\/2023\/12\/P1122812-1536x1152.jpg 1536w\" sizes=\"(max-width: 2048px) 100vw, 2048px\" \/><\/figure>\n<\/div>\n\n\n\n<div class=\"wp-block-column is-layout-flow wp-block-column-is-layout-flow\" style=\"flex-basis:40%\">\n<h2 class=\"wp-block-heading\">W liczbach&#8230;<\/h2>\n\n\n\n<p>W ci\u0105gu dw\u00f3ch i p\u00f3\u0142 roku odby\u0142o si\u0119 niemal 60 koncert\u00f3w Jam Session, w kt\u00f3rych wzi\u0119\u0142o udzia\u0142 ponad 140 muzyk\u00f3w z czego wi\u0119kszo\u015b\u0107 stanowili muzycy ze Szczecina i okolic.<br>Podczas ka\u017cdego koncertu przez klub przewija si\u0119 ponad 150 do 200 os\u00f3b. <br>Opr\u00f3cz typowych jam session odby\u0142y si\u0119 edycje specjalne:<br>&#8211; Jam Session dla Ukrainy &#8211; ze zbi\u00f3rk\u0105 pieni\u0119dzy<br>&#8211; Young Edition &#8211; prowadzony przez m\u0142odych muzyk\u00f3w<br>&#8211; Women Edition &#8211; prowadzony wy\u0142\u0105cznie przez muzyczki<br>&#8211; Salsa Jam Session &#8211; z muzyk\u0105 salsow\u0105.<br><br>Koncerty odbywaj\u0105 si\u0119 dzi\u0119ki wsparciu Miasta Szczecin oraz Pomorza Zachodniego.<\/p>\n<\/div>\n<\/div>\n<\/div>\n\n\n\n\n\n<div class=\"wp-block-group alignfull is-layout-constrained wp-container-core-group-is-layout-d89aad35 wp-block-group-is-layout-constrained\" style=\"margin-top:0;margin-bottom:0;padding-top:var(--wp--preset--spacing--50);padding-right:var(--wp--preset--spacing--50);padding-bottom:var(--wp--preset--spacing--50);padding-left:var(--wp--preset--spacing--50)\"><\/div>\n","protected":false},"excerpt":{"rendered":"<p>Jam Session to wsparcie i tworzenie lokalnej sceny muzycznej i \u015brodowiska muzyk\u00f3w w Szczecinie. Fundacja rozpocz\u0119\u0142a organizacj\u0119 Jam Session w 2021 roku. Wsp\u00f3lne granie na scenie i spotkanie muzyk\u00f3w&#8230;<\/p>\n","protected":false},"author":1,"featured_media":0,"parent":0,"menu_order":0,"comment_status":"closed","ping_status":"closed","template":"","meta":{"footnotes":""},"class_list":["post-47","page","type-page","status-publish","hentry"],"_links":{"self":[{"href":"https:\/\/generatorsztuki.pl\/index.php\/wp-json\/wp\/v2\/pages\/47","targetHints":{"allow":["GET"]}}],"collection":[{"href":"https:\/\/generatorsztuki.pl\/index.php\/wp-json\/wp\/v2\/pages"}],"about":[{"href":"https:\/\/generatorsztuki.pl\/index.php\/wp-json\/wp\/v2\/types\/page"}],"author":[{"embeddable":true,"href":"https:\/\/generatorsztuki.pl\/index.php\/wp-json\/wp\/v2\/users\/1"}],"replies":[{"embeddable":true,"href":"https:\/\/generatorsztuki.pl\/index.php\/wp-json\/wp\/v2\/comments?post=47"}],"version-history":[{"count":5,"href":"https:\/\/generatorsztuki.pl\/index.php\/wp-json\/wp\/v2\/pages\/47\/revisions"}],"predecessor-version":[{"id":107,"href":"https:\/\/generatorsztuki.pl\/index.php\/wp-json\/wp\/v2\/pages\/47\/revisions\/107"}],"wp:attachment":[{"href":"https:\/\/generatorsztuki.pl\/index.php\/wp-json\/wp\/v2\/media?parent=47"}],"curies":[{"name":"wp","href":"https:\/\/api.w.org\/{rel}","templated":true}]}}