{"id":479,"date":"2025-12-15T22:25:43","date_gmt":"2025-12-15T22:25:43","guid":{"rendered":"https:\/\/generatorsztuki.pl\/?page_id=479"},"modified":"2025-12-16T12:08:20","modified_gmt":"2025-12-16T12:08:20","slug":"szczecin-glowny-showcase-2","status":"publish","type":"page","link":"https:\/\/generatorsztuki.pl\/index.php\/szczecin-glowny-showcase-2\/","title":{"rendered":"Showcase"},"content":{"rendered":"\t\t<div data-elementor-type=\"wp-page\" data-elementor-id=\"479\" class=\"elementor elementor-479\">\n\t\t\t\t<div class=\"elementor-element elementor-element-541d4f4 e-flex e-con-boxed e-con e-parent\" data-id=\"541d4f4\" data-element_type=\"container\">\n\t\t\t\t\t<div class=\"e-con-inner\">\n\t\t\t\t<div class=\"elementor-element elementor-element-3268e1c elementor-widget elementor-widget-image\" data-id=\"3268e1c\" data-element_type=\"widget\" data-widget_type=\"image.default\">\n\t\t\t\t<div class=\"elementor-widget-container\">\n\t\t\t\t\t\t\t\t\t\t\t\t\t\t\t<img fetchpriority=\"high\" decoding=\"async\" width=\"1024\" height=\"189\" src=\"https:\/\/generatorsztuki.pl\/wp-content\/uploads\/2025\/12\/Szczecin-Glowny_main_simple-1024x189.png\" class=\"attachment-large size-large wp-image-481\" alt=\"\" srcset=\"https:\/\/generatorsztuki.pl\/wp-content\/uploads\/2025\/12\/Szczecin-Glowny_main_simple-1024x189.png 1024w, https:\/\/generatorsztuki.pl\/wp-content\/uploads\/2025\/12\/Szczecin-Glowny_main_simple-300x55.png 300w, https:\/\/generatorsztuki.pl\/wp-content\/uploads\/2025\/12\/Szczecin-Glowny_main_simple-768x141.png 768w, https:\/\/generatorsztuki.pl\/wp-content\/uploads\/2025\/12\/Szczecin-Glowny_main_simple-1536x283.png 1536w, https:\/\/generatorsztuki.pl\/wp-content\/uploads\/2025\/12\/Szczecin-Glowny_main_simple.png 1900w\" sizes=\"(max-width: 1024px) 100vw, 1024px\" \/>\t\t\t\t\t\t\t\t\t\t\t\t\t\t\t<\/div>\n\t\t\t\t<\/div>\n\t\t\t\t\t<\/div>\n\t\t\t\t<\/div>\n\t\t<div class=\"elementor-element elementor-element-3f105cd e-flex e-con-boxed e-con e-parent\" data-id=\"3f105cd\" data-element_type=\"container\">\n\t\t\t\t\t<div class=\"e-con-inner\">\n\t\t\t\t<div class=\"elementor-element elementor-element-1e74f01 elementor-widget elementor-widget-text-editor\" data-id=\"1e74f01\" data-element_type=\"widget\" data-widget_type=\"text-editor.default\">\n\t\t\t\t<div class=\"elementor-widget-container\">\n\t\t\t\t\t\t\t\t\t<p class=\"p1\">\u201eSzczecin G\u0142\u00f3wny &#8211; showcase interdyscyplinarny\u201d &#8211; dziewi\u0119\u0107 wydarze\u0144 artystycznych, kt\u00f3re maj\u0105 \u0142\u0105czy\u0107 r\u00f3\u017cne dziedziny sztuki przy wsp\u00f3\u0142pracy lokalnych artyst\u00f3w z r\u00f3\u017cnych \u015brodowisk. Wsp\u00f3lnym mianownikiem b\u0119dzie muzyka \u2013 tworzona przez wykonawc\u00f3w reprezentuj\u0105cych r\u00f3\u017cne gatunki, kt\u00f3rzy dot\u0105d cz\u0119sto nie mieli okazji wsp\u00f3\u0142pracowa\u0107. Festiwal po\u0142\u0105czy i zaprezentuje takie dziedziny jak muzyka, film, taniec wsp\u00f3\u0142czesny, sztuki wizualne, literatura i dzia\u0142ania performatywne.\u00a0<\/p><p>\u201eSzczecin G\u0142\u00f3wny &#8211; showcase interdyscyplinarny\u201d odbywa\u0107 si\u0119 w dniach, gdy w Szczecinie odbywa\u0107 si\u0119 b\u0119dzie inicjatywa &#8222;Kultura Wolno\u015bci&#8221;.<\/p><p class=\"p1\">Szczeci\u0144ska kultura ma wielki potencja\u0142 &#8211; zapraszamy do czynnego udzia\u0142u artyst\u00f3w, s\u0142uchaczy, widz\u00f3w i wszystkich mi\u0142o\u015bnik\u00f3w sztuki.<\/p>\t\t\t\t\t\t\t\t<\/div>\n\t\t\t\t<\/div>\n\t\t\t\t\t<\/div>\n\t\t\t\t<\/div>\n\t\t<div class=\"elementor-element elementor-element-1f69f54 e-grid e-con-boxed e-con e-parent\" data-id=\"1f69f54\" data-element_type=\"container\">\n\t\t\t\t\t<div class=\"e-con-inner\">\n\t\t\t\t<div class=\"elementor-element elementor-element-26a838b elementor-widget elementor-widget-heading\" data-id=\"26a838b\" data-element_type=\"widget\" data-widget_type=\"heading.default\">\n\t\t\t\t<div class=\"elementor-widget-container\">\n\t\t\t\t\t<h2 class=\"elementor-heading-title elementor-size-default\">Program<\/h2>\t\t\t\t<\/div>\n\t\t\t\t<\/div>\n\t\t\t\t<div class=\"elementor-element elementor-element-22c8063 elementor-widget elementor-widget-text-editor\" data-id=\"22c8063\" data-element_type=\"widget\" data-widget_type=\"text-editor.default\">\n\t\t\t\t<div class=\"elementor-widget-container\">\n\t\t\t\t\t\t\t\t\t<p class=\"p1\">Wi\u0119kszo\u015b\u0107 wydarze\u0144 odb\u0119dzie si\u0119 Domu Kultury &#8222;S\u0142owianin&#8221; w Szczecinie w dniach 29-31 stycznia. Szczeg\u00f3\u0142owy program og\u0142oszony zostanie ju\u017c wkr\u00f3tce.<br \/><br \/>W programie wydarzenia znajd\u0105 si\u0119 m.in.:<\/p><ul class=\"ul1\"><li class=\"li2\">\u201eJay Pop\u201d \u2013 wystawa sztuk wizualnych z opraw\u0105 muzyczn\u0105 inspirowan\u0105 prezentowanymi pracami;<\/li><li class=\"li3\"><span class=\"s1\">\u201eFilm<\/span> <span class=\"s1\">Eksperymentalny\u201d<\/span> <span class=\"s1\">\u2013<\/span> <span class=\"s1\">improwizowany<\/span> <span class=\"s1\">koncert<\/span> <span class=\"s1\">do <\/span>filmu o Szczecinie, na 16mm ta\u015bmie;<\/li><li class=\"li3\">\u201eNajstarsze przeboje\u201d \u2013 projekt muzyczno-aktorski rekonstruuj\u0105cy lokaln\u0105 histori\u0119 muzyczn\u0105 z lat 50.i 60., z udzia\u0142em aktor\u00f3w teatr\u00f3w oraz muzyk\u00f3w klasycznych i rozrywkowych;<\/li><li class=\"li3\">\u201eTrendy \u2013 m\u0142odzi tw\u00f3rcy\u201d \u2013wydarzenia z udzia\u0142em pocz\u0105tkuj\u0105cych artyst\u00f3w tworz\u0105cych muzyk\u0119 elektroniczn\u0105, emo i awangardow\u0105, b\u0119d\u0105ce przestrzeni\u0105 dla innowacji i dialogu <span class=\"s1\">mi\u0119dzypokoleniowego;<\/span><\/li><\/ul>\t\t\t\t\t\t\t\t<\/div>\n\t\t\t\t<\/div>\n\t\t\t\t\t<\/div>\n\t\t\t\t<\/div>\n\t\t<div class=\"elementor-element elementor-element-b267f86 e-grid e-con-boxed e-con e-parent\" data-id=\"b267f86\" data-element_type=\"container\">\n\t\t\t\t\t<div class=\"e-con-inner\">\n\t\t\t\t<div class=\"elementor-element elementor-element-909589c elementor-widget-divider--view-line elementor-widget elementor-widget-divider\" data-id=\"909589c\" data-element_type=\"widget\" data-widget_type=\"divider.default\">\n\t\t\t\t<div class=\"elementor-widget-container\">\n\t\t\t\t\t\t\t<div class=\"elementor-divider\">\n\t\t\t<span class=\"elementor-divider-separator\">\n\t\t\t\t\t\t<\/span>\n\t\t<\/div>\n\t\t\t\t\t\t<\/div>\n\t\t\t\t<\/div>\n\t\t\t\t<div class=\"elementor-element elementor-element-8c21987 elementor-widget elementor-widget-heading\" data-id=\"8c21987\" data-element_type=\"widget\" data-widget_type=\"heading.default\">\n\t\t\t\t<div class=\"elementor-widget-container\">\n\t\t\t\t\t<h2 class=\"elementor-heading-title elementor-size-default\">Trendy \/ M\u0142odzi Tw\u00f3rcy  - Konkurs<\/h2>\t\t\t\t<\/div>\n\t\t\t\t<\/div>\n\t\t\t\t<div class=\"elementor-element elementor-element-b908950 elementor-widget elementor-widget-text-editor\" data-id=\"b908950\" data-element_type=\"widget\" data-widget_type=\"text-editor.default\">\n\t\t\t\t<div class=\"elementor-widget-container\">\n\t\t\t\t\t\t\t\t\t<div class=\"x14z9mp xat24cr x1lziwak x1vvkbs xtlvy1s\">Chcemy pokaza\u0107 najciekawsze, najbardziej obiecuj\u0105ce zespo\u0142y muzyczne, muzyk\u00f3w i solist\u00f3w dzia\u0142aj\u0105cych w Szczecinie.<br class=\"html-br\" \/>Nie wa\u017cne co grasz i na czym. Je\u015bli masz mniej ni\u017c 35 lat, mieszkasz i dzia\u0142asz w Szczecinie, chcesz zgarn\u0105\u0107 nagrod\u0119 pieni\u0119\u017cn\u0105 i zagra\u0107 na showcase &#8222;Szczecin G\u0142\u00f3wny&#8221; &#8211; zg\u0142o\u015b si\u0119.<\/div><div>\u00a0<\/div><div class=\"x14z9mp xat24cr x1lziwak x1vvkbs xtlvy1s\"><span class=\"html-span xexx8yu xyri2b x18d9i69 x1c1uobl x1hl2dhg x16tdsg8 x1vvkbs x3nfvp2 x1j61x8r x1fcty0u xdj266r xat24cr xm2jcoa x1mpyi22 xxymvpz xlup9mm x1kky2od\"><img decoding=\"async\" class=\"xz74otr x15mokao x1ga7v0g x16uus16 xbiv7yw\" src=\"https:\/\/static.xx.fbcdn.net\/images\/emoji.php\/v9\/t23\/2\/16\/1f381.png\" alt=\"\ud83c\udf81\" width=\"16\" height=\"16\" \/><\/span>\u00a0NAGRODA:<br class=\"html-br\" \/>Wybierzemy trzech laureat\u00f3w, kt\u00f3rzy otrzymaj\u0105 nagrod\u0119:<br class=\"html-br\" \/><span class=\"html-span xexx8yu xyri2b x18d9i69 x1c1uobl x1hl2dhg x16tdsg8 x1vvkbs x3nfvp2 x1j61x8r x1fcty0u xdj266r xat24cr xm2jcoa x1mpyi22 xxymvpz xlup9mm x1kky2od\"><img decoding=\"async\" class=\"xz74otr x15mokao x1ga7v0g x16uus16 xbiv7yw\" src=\"https:\/\/static.xx.fbcdn.net\/images\/emoji.php\/v9\/tf0\/2\/16\/1f449.png\" alt=\"\ud83d\udc49\" width=\"16\" height=\"16\" \/><\/span>\u00a03000 z\u0142<br class=\"html-br\" \/><span class=\"html-span xexx8yu xyri2b x18d9i69 x1c1uobl x1hl2dhg x16tdsg8 x1vvkbs x3nfvp2 x1j61x8r x1fcty0u xdj266r xat24cr xm2jcoa x1mpyi22 xxymvpz xlup9mm x1kky2od\"><img decoding=\"async\" class=\"xz74otr x15mokao x1ga7v0g x16uus16 xbiv7yw\" src=\"https:\/\/static.xx.fbcdn.net\/images\/emoji.php\/v9\/tf0\/2\/16\/1f449.png\" alt=\"\ud83d\udc49\" width=\"16\" height=\"16\" \/><\/span>\u00a0Koncert podczas Showcase Szczecin G\u0142\u00f3wny<\/div><div class=\"x14z9mp xat24cr x1lziwak x1vvkbs xtlvy1s\">\u00a0<\/div><div class=\"x14z9mp xat24cr x1lziwak x1vvkbs xtlvy1s\"><span class=\"html-span xexx8yu xyri2b x18d9i69 x1c1uobl x1hl2dhg x16tdsg8 x1vvkbs x3nfvp2 x1j61x8r x1fcty0u xdj266r xat24cr xm2jcoa x1mpyi22 xxymvpz xlup9mm x1kky2od\"><img loading=\"lazy\" decoding=\"async\" class=\"xz74otr x15mokao x1ga7v0g x16uus16 xbiv7yw\" src=\"https:\/\/static.xx.fbcdn.net\/images\/emoji.php\/v9\/tba\/2\/16\/2b55.png\" alt=\"\u2b55\ufe0f\" width=\"16\" height=\"16\" \/><\/span>\u00a0JURY:<br class=\"html-br\" \/><span class=\"html-span xexx8yu xyri2b x18d9i69 x1c1uobl x1hl2dhg x16tdsg8 x1vvkbs x3nfvp2 x1j61x8r x1fcty0u xdj266r xat24cr xm2jcoa x1mpyi22 xxymvpz xlup9mm x1kky2od\"><img decoding=\"async\" class=\"xz74otr x15mokao x1ga7v0g x16uus16 xbiv7yw\" src=\"https:\/\/static.xx.fbcdn.net\/images\/emoji.php\/v9\/tf0\/2\/16\/1f449.png\" alt=\"\ud83d\udc49\" width=\"16\" height=\"16\" \/><\/span>\u00a0Agnieszka Szyd\u0142owska &#8211; dziennikarka radiowa i telewizyjna, redaktorka naczelna Programu Trzeciego Polskiego Radia<br class=\"html-br\" \/><span class=\"html-span xexx8yu xyri2b x18d9i69 x1c1uobl x1hl2dhg x16tdsg8 x1vvkbs x3nfvp2 x1j61x8r x1fcty0u xdj266r xat24cr xm2jcoa x1mpyi22 xxymvpz xlup9mm x1kky2od\"><img decoding=\"async\" class=\"xz74otr x15mokao x1ga7v0g x16uus16 xbiv7yw\" src=\"https:\/\/static.xx.fbcdn.net\/images\/emoji.php\/v9\/tf0\/2\/16\/1f449.png\" alt=\"\ud83d\udc49\" width=\"16\" height=\"16\" \/><\/span>\u00a0Marek Ca\u0142ka &#8211;\u00a0<a class=\"x1i10hfl xjbqb8w x1ejq31n x18oe1m7 x1sy0etr xstzfhl x972fbf x10w94by x1qhh985 x14e42zd x9f619 x1ypdohk xt0psk2 x3ct3a4 xdj266r x14z9mp xat24cr x1lziwak xexx8yu xyri2b x18d9i69 x1c1uobl x16tdsg8 x1hl2dhg xggy1nq x1a2a7pz xkrqix3 x1sur9pj x1fey0fg x1s688f\" tabindex=\"0\" role=\"link\" href=\"https:\/\/l.facebook.com\/l.php?u=http%3A%2F%2FMystic.pl%2F%3Ffbclid%3DIwZXh0bgNhZW0CMTAAYnJpZBEwcUZTd2xLemhTbzdYRW1FaHNydGMGYXBwX2lkEDIyMjAzOTE3ODgyMDA4OTIAAR7DUXaaLwWQWe6T698iiK6utYhU2psvvslZ6v3C1divJZGEAKEIFpf9LTMAxg_aem_ZW_XlX9eoQC1Bf9GGilVSQ%26brid%3D8JDKeWIbph8I1d5DtmKGoQ&amp;h=AT3MbAVcJFcxn0lFALxVuzVa1tYmoFI0lgaORXLmdU2hfDwT6c8DpOE6PrZCEV4PY0xauNaWeWHSAaZ9JBjGikVf17kMKCR1pwfYFMq9RvnoKWwTcjLkmj5t7vfGQ9eJwaGUQL_pgLOTI0wuPzRvGZtqs791Wv-7tEodkQ&amp;__tn__=q&amp;c[0]=AT2RCi_JCiHdxyWaxTnF6jLjz_cjV6g5VORohi4U9rFrAL_6EZWQkf2e2vhPZ8HPls_Ov2Flp90ZiNnwbyIazOT6yNiJYd7mg9sXlqI3gtte-xhRe3VBv9ls2z2yDeRm6QBjUeyahNi82uuu9tY4C8NEB4owOzXqA2Y\" target=\"_blank\" rel=\"nofollow noopener noreferrer\">Mystic.pl<\/a>\u00a0&#8211; Mened\u017cer Organka<br class=\"html-br\" \/><span class=\"html-span xexx8yu xyri2b x18d9i69 x1c1uobl x1hl2dhg x16tdsg8 x1vvkbs x3nfvp2 x1j61x8r x1fcty0u xdj266r xat24cr xm2jcoa x1mpyi22 xxymvpz xlup9mm x1kky2od\"><img decoding=\"async\" class=\"xz74otr x15mokao x1ga7v0g x16uus16 xbiv7yw\" src=\"https:\/\/static.xx.fbcdn.net\/images\/emoji.php\/v9\/tf0\/2\/16\/1f449.png\" alt=\"\ud83d\udc49\" width=\"16\" height=\"16\" \/><\/span>\u00a0Tomasz Pochory\u0142ko &#8211; Mened\u017cer Artyst\u00f3w: LUXTORPEDA, Decapitated, Pi\u0119\u0107 dwa, Pawbeats. G\u0142\u00f3wny organizator festiwalu LUXFEST<br class=\"html-br\" \/><span class=\"html-span xexx8yu xyri2b x18d9i69 x1c1uobl x1hl2dhg x16tdsg8 x1vvkbs x3nfvp2 x1j61x8r x1fcty0u xdj266r xat24cr xm2jcoa x1mpyi22 xxymvpz xlup9mm x1kky2od\"><img decoding=\"async\" class=\"xz74otr x15mokao x1ga7v0g x16uus16 xbiv7yw\" src=\"https:\/\/static.xx.fbcdn.net\/images\/emoji.php\/v9\/tf0\/2\/16\/1f449.png\" alt=\"\ud83d\udc49\" width=\"16\" height=\"16\" \/><\/span>\u00a0Witek Michalak &#8211; Label Manager Def Jam Recordings Poland<br class=\"html-br\" \/><span class=\"html-span xexx8yu xyri2b x18d9i69 x1c1uobl x1hl2dhg x16tdsg8 x1vvkbs x3nfvp2 x1j61x8r x1fcty0u xdj266r xat24cr xm2jcoa x1mpyi22 xxymvpz xlup9mm x1kky2od\"><img decoding=\"async\" class=\"xz74otr x15mokao x1ga7v0g x16uus16 xbiv7yw\" src=\"https:\/\/static.xx.fbcdn.net\/images\/emoji.php\/v9\/tf0\/2\/16\/1f449.png\" alt=\"\ud83d\udc49\" width=\"16\" height=\"16\" \/><\/span>\u00a0Marcin Macuk &#8211; muzyk, kompozytor, poducent. Wsp\u00f3\u0142pracowa\u0142 z Hey, Pogodno, Katarzyna Nosowska, Monika Brodka<br class=\"html-br\" \/><span class=\"html-span xexx8yu xyri2b x18d9i69 x1c1uobl x1hl2dhg x16tdsg8 x1vvkbs x3nfvp2 x1j61x8r x1fcty0u xdj266r xat24cr xm2jcoa x1mpyi22 xxymvpz xlup9mm x1kky2od\"><img decoding=\"async\" class=\"xz74otr x15mokao x1ga7v0g x16uus16 xbiv7yw\" src=\"https:\/\/static.xx.fbcdn.net\/images\/emoji.php\/v9\/tf0\/2\/16\/1f449.png\" alt=\"\ud83d\udc49\" width=\"16\" height=\"16\" \/><\/span>\u00a0Stanis\u0142aw Aleksandrowicz &#8211; muzyk, producent. Perkusista i lider wielu formacji jazzowych i oko\u0142o-jazzowych.<br class=\"html-br\" \/><span class=\"html-span xexx8yu xyri2b x18d9i69 x1c1uobl x1hl2dhg x16tdsg8 x1vvkbs x3nfvp2 x1j61x8r x1fcty0u xdj266r xat24cr xm2jcoa x1mpyi22 xxymvpz xlup9mm x1kky2od\"><img decoding=\"async\" class=\"xz74otr x15mokao x1ga7v0g x16uus16 xbiv7yw\" src=\"https:\/\/static.xx.fbcdn.net\/images\/emoji.php\/v9\/tf0\/2\/16\/1f449.png\" alt=\"\ud83d\udc49\" width=\"16\" height=\"16\" \/><\/span>\u00a0Mateusz Czarnowski &#8211; muzyk, kompozytor, aran\u017cer, dyrygent. Lider i za\u0142o\u017cyciel zespo\u0142u Bubliczki, kompozytor musicali w Filharmonii w Szczecinie<\/div><div>\u00a0<\/div><div class=\"x14z9mp xat24cr x1lziwak x1vvkbs xtlvy1s\"><span class=\"html-span xexx8yu xyri2b x18d9i69 x1c1uobl x1hl2dhg x16tdsg8 x1vvkbs x3nfvp2 x1j61x8r x1fcty0u xdj266r xat24cr xm2jcoa x1mpyi22 xxymvpz xlup9mm x1kky2od\"><img loading=\"lazy\" decoding=\"async\" class=\"xz74otr x15mokao x1ga7v0g x16uus16 xbiv7yw\" src=\"https:\/\/static.xx.fbcdn.net\/images\/emoji.php\/v9\/tcd\/2\/16\/2753.png\" alt=\"\u2753\" width=\"16\" height=\"16\" \/><\/span>CO TRZEBA ZROBI\u0106<br class=\"html-br\" \/>Wype\u0142ni\u0107 formularz zg\u0142oszeniowy pod adresem:<\/div><div class=\"x14z9mp xat24cr x1lziwak x1vvkbs xtlvy1s\"><a class=\"x1i10hfl xjbqb8w x1ejq31n x18oe1m7 x1sy0etr xstzfhl x972fbf x10w94by x1qhh985 x14e42zd x9f619 x1ypdohk xt0psk2 x3ct3a4 xdj266r x14z9mp xat24cr x1lziwak xexx8yu xyri2b x18d9i69 x1c1uobl x16tdsg8 x1hl2dhg xggy1nq x1a2a7pz xkrqix3 x1sur9pj x1fey0fg x1s688f\" tabindex=\"0\" role=\"link\" href=\"https:\/\/l.facebook.com\/l.php?u=https%3A%2F%2Fdocs.google.com%2Fforms%2Fd%2Fe%2F1FAIpQLSeMLdOuWT72OBBxf4dWQIvAbwcpML81cHa0SiqZYMB0MgXZwA%2Fviewform%3Fusp%3Ddialog%26fbclid%3DIwZXh0bgNhZW0CMTAAYnJpZBEwcUZTd2xLemhTbzdYRW1FaHNydGMGYXBwX2lkEDIyMjAzOTE3ODgyMDA4OTIAAR7DUXaaLwWQWe6T698iiK6utYhU2psvvslZ6v3C1divJZGEAKEIFpf9LTMAxg_aem_ZW_XlX9eoQC1Bf9GGilVSQ%26brid%3DwuQZSjdZoG_MlGBTqsNsKA&amp;h=AT25ZydX7cwA4Qhu-SnFem9zMqbCCKz3DWl-lLZHqiOf5RSeOOVik95enBHUTKQhzzOQAUoBF0M3R6dHHuBegZM9g4ZplMrLGpjL9YWZbkx_FIk5WpdGWP7inwYLZWhi3ApVqyvJ-WynAZkCEK_PJj-xkYHq2ga9P5_EcQ&amp;__tn__=q&amp;c[0]=AT2RCi_JCiHdxyWaxTnF6jLjz_cjV6g5VORohi4U9rFrAL_6EZWQkf2e2vhPZ8HPls_Ov2Flp90ZiNnwbyIazOT6yNiJYd7mg9sXlqI3gtte-xhRe3VBv9ls2z2yDeRm6QBjUeyahNi82uuu9tY4C8NEB4owOzXqA2Y\" target=\"_blank\" rel=\"nofollow noopener noreferrer\">https:\/\/docs.google.com\/&#8230;\/1FAIpQLSeMLdOuWT7&#8230;\/viewform&#8230;<\/a><\/div><div class=\"x14z9mp xat24cr x1lziwak x1vvkbs xtlvy1s\">W zg\u0142oszeniu nale\u017cy poda\u0107 m.in.:<br class=\"html-br\" \/>&#8211; sk\u0142ad zespo\u0142u i wiek<br class=\"html-br\" \/>&#8211; tytu\u0142y utwor\u00f3w wraz z autorami<br class=\"html-br\" \/>&#8211; opis zespo\u0142u<br class=\"html-br\" \/>&#8211; linki do swojej muzyki (audio lub video), z mo\u017cliwo\u015bci\u0105 pobrania (google drive, dropbox itp).<\/div><div>\u00a0<\/div><div class=\"x14z9mp xat24cr x1lziwak x1vvkbs xtlvy1s\"><span class=\"html-span xexx8yu xyri2b x18d9i69 x1c1uobl x1hl2dhg x16tdsg8 x1vvkbs x3nfvp2 x1j61x8r x1fcty0u xdj266r xat24cr xm2jcoa x1mpyi22 xxymvpz xlup9mm x1kky2od\"><img loading=\"lazy\" decoding=\"async\" class=\"xz74otr x15mokao x1ga7v0g x16uus16 xbiv7yw\" src=\"https:\/\/static.xx.fbcdn.net\/images\/emoji.php\/v9\/td1\/2\/16\/2757.png\" alt=\"\u2757\ufe0f\" width=\"16\" height=\"16\" \/><\/span>TERMIN<br class=\"html-br\" \/>Ostateczny i nieprzekraczalny termin wys\u0142ania zg\u0142oszenia to:<br class=\"html-br\" \/><span class=\"html-span xexx8yu xyri2b x18d9i69 x1c1uobl x1hl2dhg x16tdsg8 x1vvkbs x3nfvp2 x1j61x8r x1fcty0u xdj266r xat24cr xm2jcoa x1mpyi22 xxymvpz xlup9mm x1kky2od\"><img decoding=\"async\" class=\"xz74otr x15mokao x1ga7v0g x16uus16 xbiv7yw\" src=\"https:\/\/static.xx.fbcdn.net\/images\/emoji.php\/v9\/tf0\/2\/16\/1f449.png\" alt=\"\ud83d\udc49\" width=\"16\" height=\"16\" \/><\/span>\u00a021 GRUDNIA &#8211; NIEDZIELA &#8211; godz. 23.59<span class=\"html-span xexx8yu xyri2b x18d9i69 x1c1uobl x1hl2dhg x16tdsg8 x1vvkbs x3nfvp2 x1j61x8r x1fcty0u xdj266r xat24cr xm2jcoa x1mpyi22 xxymvpz xlup9mm x1kky2od\"><img loading=\"lazy\" decoding=\"async\" class=\"xz74otr x15mokao x1ga7v0g x16uus16 xbiv7yw\" src=\"https:\/\/static.xx.fbcdn.net\/images\/emoji.php\/v9\/td1\/2\/16\/2757.png\" alt=\"\u2757\ufe0f\" width=\"16\" height=\"16\" \/><\/span><\/div><div>\u00a0<\/div><div class=\"x14z9mp xat24cr x1lziwak x1vvkbs xtlvy1s\">Og\u0142oszenie laureat\u00f3w nast\u0105pi nie p\u00f3\u017aniej ni\u017c 6 stycznia 2026.<\/div>\t\t\t\t\t\t\t\t<\/div>\n\t\t\t\t<\/div>\n\t\t\t\t\t<\/div>\n\t\t\t\t<\/div>\n\t\t<div class=\"elementor-element elementor-element-614e388 e-grid e-con-boxed e-con e-parent\" data-id=\"614e388\" data-element_type=\"container\">\n\t\t\t\t\t<div class=\"e-con-inner\">\n\t\t\t\t<div class=\"elementor-element elementor-element-2d046f1 elementor-widget elementor-widget-button\" data-id=\"2d046f1\" data-element_type=\"widget\" data-widget_type=\"button.default\">\n\t\t\t\t<div class=\"elementor-widget-container\">\n\t\t\t\t\t\t\t\t\t<div class=\"elementor-button-wrapper\">\n\t\t\t\t\t<a class=\"elementor-button elementor-button-link elementor-size-sm\" href=\"https:\/\/generatorsztuki.pl\/wp-content\/uploads\/2025\/12\/Regulamin.pdf\">\n\t\t\t\t\t\t<span class=\"elementor-button-content-wrapper\">\n\t\t\t\t\t\t\t\t\t<span class=\"elementor-button-text\">Regulamin Konkursu<\/span>\n\t\t\t\t\t<\/span>\n\t\t\t\t\t<\/a>\n\t\t\t\t<\/div>\n\t\t\t\t\t\t\t\t<\/div>\n\t\t\t\t<\/div>\n\t\t\t\t<div class=\"elementor-element elementor-element-63370df elementor-widget-divider--view-line elementor-widget elementor-widget-divider\" data-id=\"63370df\" data-element_type=\"widget\" data-widget_type=\"divider.default\">\n\t\t\t\t<div class=\"elementor-widget-container\">\n\t\t\t\t\t\t\t<div class=\"elementor-divider\">\n\t\t\t<span class=\"elementor-divider-separator\">\n\t\t\t\t\t\t<\/span>\n\t\t<\/div>\n\t\t\t\t\t\t<\/div>\n\t\t\t\t<\/div>\n\t\t\t\t<div class=\"elementor-element elementor-element-2e8decc elementor-widget elementor-widget-text-editor\" data-id=\"2e8decc\" data-element_type=\"widget\" data-widget_type=\"text-editor.default\">\n\t\t\t\t<div class=\"elementor-widget-container\">\n\t\t\t\t\t\t\t\t\t<p>Showcase oraz konkurs odbywa si\u0119 w dzi\u0119ki wsparciu funduszy unijnych w ramach KPO dla Kultury.<\/p>\t\t\t\t\t\t\t\t<\/div>\n\t\t\t\t<\/div>\n\t\t\t\t<div class=\"elementor-element elementor-element-22cc80e elementor-widget elementor-widget-image\" data-id=\"22cc80e\" data-element_type=\"widget\" data-widget_type=\"image.default\">\n\t\t\t\t<div class=\"elementor-widget-container\">\n\t\t\t\t\t\t\t\t\t\t\t\t\t\t\t<img loading=\"lazy\" decoding=\"async\" width=\"1024\" height=\"127\" src=\"https:\/\/generatorsztuki.pl\/wp-content\/uploads\/2025\/11\/Zrzut-ekranu-2025-11-30-o-23.25.21-1024x127.png\" class=\"attachment-large size-large wp-image-449\" alt=\"\" srcset=\"https:\/\/generatorsztuki.pl\/wp-content\/uploads\/2025\/11\/Zrzut-ekranu-2025-11-30-o-23.25.21-1024x127.png 1024w, https:\/\/generatorsztuki.pl\/wp-content\/uploads\/2025\/11\/Zrzut-ekranu-2025-11-30-o-23.25.21-300x37.png 300w, https:\/\/generatorsztuki.pl\/wp-content\/uploads\/2025\/11\/Zrzut-ekranu-2025-11-30-o-23.25.21-768x95.png 768w, https:\/\/generatorsztuki.pl\/wp-content\/uploads\/2025\/11\/Zrzut-ekranu-2025-11-30-o-23.25.21-1536x191.png 1536w, https:\/\/generatorsztuki.pl\/wp-content\/uploads\/2025\/11\/Zrzut-ekranu-2025-11-30-o-23.25.21-2048x254.png 2048w\" sizes=\"(max-width: 1024px) 100vw, 1024px\" \/>\t\t\t\t\t\t\t\t\t\t\t\t\t\t\t<\/div>\n\t\t\t\t<\/div>\n\t\t\t\t\t<\/div>\n\t\t\t\t<\/div>\n\t\t\t\t<\/div>\n\t\t","protected":false},"excerpt":{"rendered":"<p>\u201eSzczecin G\u0142\u00f3wny &#8211; showcase interdyscyplinarny\u201d &#8211; dziewi\u0119\u0107 wydarze\u0144 artystycznych, kt\u00f3re maj\u0105 \u0142\u0105czy\u0107 r\u00f3\u017cne dziedziny sztuki przy wsp\u00f3\u0142pracy lokalnych artyst\u00f3w z r\u00f3\u017cnych \u015brodowisk. Wsp\u00f3lnym mianownikiem b\u0119dzie muzyka \u2013 tworzona przez&#8230;<\/p>\n","protected":false},"author":1,"featured_media":0,"parent":0,"menu_order":0,"comment_status":"closed","ping_status":"closed","template":"","meta":{"footnotes":""},"class_list":["post-479","page","type-page","status-publish","hentry"],"_links":{"self":[{"href":"https:\/\/generatorsztuki.pl\/index.php\/wp-json\/wp\/v2\/pages\/479","targetHints":{"allow":["GET"]}}],"collection":[{"href":"https:\/\/generatorsztuki.pl\/index.php\/wp-json\/wp\/v2\/pages"}],"about":[{"href":"https:\/\/generatorsztuki.pl\/index.php\/wp-json\/wp\/v2\/types\/page"}],"author":[{"embeddable":true,"href":"https:\/\/generatorsztuki.pl\/index.php\/wp-json\/wp\/v2\/users\/1"}],"replies":[{"embeddable":true,"href":"https:\/\/generatorsztuki.pl\/index.php\/wp-json\/wp\/v2\/comments?post=479"}],"version-history":[{"count":52,"href":"https:\/\/generatorsztuki.pl\/index.php\/wp-json\/wp\/v2\/pages\/479\/revisions"}],"predecessor-version":[{"id":554,"href":"https:\/\/generatorsztuki.pl\/index.php\/wp-json\/wp\/v2\/pages\/479\/revisions\/554"}],"wp:attachment":[{"href":"https:\/\/generatorsztuki.pl\/index.php\/wp-json\/wp\/v2\/media?parent=479"}],"curies":[{"name":"wp","href":"https:\/\/api.w.org\/{rel}","templated":true}]}}