{"id":74,"date":"2023-12-16T20:47:20","date_gmt":"2023-12-16T20:47:20","guid":{"rendered":"http:\/\/generatorsztuki.pl\/?page_id=74"},"modified":"2025-09-07T09:45:28","modified_gmt":"2025-09-07T09:45:28","slug":"jazz-generator","status":"publish","type":"page","link":"https:\/\/generatorsztuki.pl\/index.php\/jazz-generator\/","title":{"rendered":"Jazz Generator"},"content":{"rendered":"\t\t<div data-elementor-type=\"wp-page\" data-elementor-id=\"74\" class=\"elementor elementor-74\">\n\t\t\t\t<div class=\"elementor-element elementor-element-ce36736 e-flex e-con-boxed e-con e-parent\" data-id=\"ce36736\" data-element_type=\"container\">\n\t\t\t\t\t<div class=\"e-con-inner\">\n\t\t\t\t<div class=\"elementor-element elementor-element-d82fd9f elementor-widget elementor-widget-image\" data-id=\"d82fd9f\" data-element_type=\"widget\" data-widget_type=\"image.default\">\n\t\t\t\t<div class=\"elementor-widget-container\">\n\t\t\t\t\t\t\t\t\t\t\t\t\t\t\t<img fetchpriority=\"high\" decoding=\"async\" width=\"1024\" height=\"724\" src=\"https:\/\/generatorsztuki.pl\/wp-content\/uploads\/2025\/09\/FUSK_PLAKATA3_POZIOMO42-x-29.7-cm-1024x724.png\" class=\"attachment-large size-large wp-image-358\" alt=\"\" srcset=\"https:\/\/generatorsztuki.pl\/wp-content\/uploads\/2025\/09\/FUSK_PLAKATA3_POZIOMO42-x-29.7-cm-1024x724.png 1024w, https:\/\/generatorsztuki.pl\/wp-content\/uploads\/2025\/09\/FUSK_PLAKATA3_POZIOMO42-x-29.7-cm-300x212.png 300w, https:\/\/generatorsztuki.pl\/wp-content\/uploads\/2025\/09\/FUSK_PLAKATA3_POZIOMO42-x-29.7-cm-768x543.png 768w, https:\/\/generatorsztuki.pl\/wp-content\/uploads\/2025\/09\/FUSK_PLAKATA3_POZIOMO42-x-29.7-cm.png 1500w\" sizes=\"(max-width: 1024px) 100vw, 1024px\" \/>\t\t\t\t\t\t\t\t\t\t\t\t\t\t\t<\/div>\n\t\t\t\t<\/div>\n\t\t\t\t\t<\/div>\n\t\t\t\t<\/div>\n\t\t<div class=\"elementor-element elementor-element-f6c02c9 e-flex e-con-boxed e-con e-parent\" data-id=\"f6c02c9\" data-element_type=\"container\">\n\t\t\t\t\t<div class=\"e-con-inner\">\n\t\t\t\t<div class=\"elementor-element elementor-element-2542fd3 elementor-widget elementor-widget-button\" data-id=\"2542fd3\" data-element_type=\"widget\" data-widget_type=\"button.default\">\n\t\t\t\t<div class=\"elementor-widget-container\">\n\t\t\t\t\t\t\t\t\t<div class=\"elementor-button-wrapper\">\n\t\t\t\t\t<a class=\"elementor-button elementor-button-link elementor-size-sm\" href=\"https:\/\/www.biletomat.pl\/bilety\/fusk-szczecin-82535\/\">\n\t\t\t\t\t\t<span class=\"elementor-button-content-wrapper\">\n\t\t\t\t\t\t<span class=\"elementor-button-icon\">\n\t\t\t\t<svg aria-hidden=\"true\" class=\"e-font-icon-svg e-fas-ticket-alt\" viewBox=\"0 0 576 512\" xmlns=\"http:\/\/www.w3.org\/2000\/svg\"><path d=\"M128 160h320v192H128V160zm400 96c0 26.51 21.49 48 48 48v96c0 26.51-21.49 48-48 48H48c-26.51 0-48-21.49-48-48v-96c26.51 0 48-21.49 48-48s-21.49-48-48-48v-96c0-26.51 21.49-48 48-48h480c26.51 0 48 21.49 48 48v96c-26.51 0-48 21.49-48 48zm-48-104c0-13.255-10.745-24-24-24H120c-13.255 0-24 10.745-24 24v208c0 13.255 10.745 24 24 24h336c13.255 0 24-10.745 24-24V152z\"><\/path><\/svg>\t\t\t<\/span>\n\t\t\t\t\t\t\t\t\t<span class=\"elementor-button-text\">KUP BILET<\/span>\n\t\t\t\t\t<\/span>\n\t\t\t\t\t<\/a>\n\t\t\t\t<\/div>\n\t\t\t\t\t\t\t\t<\/div>\n\t\t\t\t<\/div>\n\t\t\t\t<div class=\"elementor-element elementor-element-56ee1a7 elementor-widget elementor-widget-text-editor\" data-id=\"56ee1a7\" data-element_type=\"widget\" data-widget_type=\"text-editor.default\">\n\t\t\t\t<div class=\"elementor-widget-container\">\n\t\t\t\t\t\t\t\t\t<p class=\"p2\"><b>FUSK\u00a0<\/b>to jazzowy kwartet prowadzony przez du\u0144skiego perkusist\u0119 i kompozytora Kaspra Toma. Zesp\u00f3\u0142 wykonuje zaskakuj\u0105ce, niekonwencjonalne kompozycje oraz swobodn\u0105 improwizacj\u0119. Wszyscy czterej muzycy maj\u0105 bardzo indywidualne podej\u015bcie do swoich instrument\u00f3w, co przejawia si\u0119 w otwartym sposobie wykonywania cz\u0119sto z\u0142o\u017conych, ale niezwykle melodycznych utwor\u00f3w.<\/p>\n<p class=\"p2\">Brzmienie zespo\u0142u najlepiej oddaje krytyk muzyczny Adam Baruch: \u201eMuzyka jest wspania\u0142ym pokazem talentu kompozytorskiego Kaspra Toma. Jego utwory balansuj\u0105 mi\u0119dzy chwytliwym tematem melodycznym a otwart\u0105 struktur\u0105, idealn\u0105 do improwizacji i eksploracji. Takie niezwyk\u0142e wywa\u017cenie jest rzadkie i trudne do osi\u0105gni\u0119cia, a jednak Kasper Tom tworzy te kompozycje z zadziwiaj\u0105c\u0105 \u0142atwo\u015bci\u0105 i wszechstronno\u015bci\u0105. W wykonaniu kwartetu FUSK utwory te p\u0142ynnie przechodz\u0105 jeden w drugi, cho\u0107 daleko im do banalno\u015bci czy \u0142atwego odbioru. Niezwyk\u0142a si\u0142a tej muzyki tkwi w\u0142a\u015bnie w po\u0142\u0105czeniu melodyjnego podej\u015bcia z wymagaj\u0105cym wykonaniem, co skutkuje estetyczn\u0105 przyjemno\u015bci\u0105 s\u0142uchacza, cz\u0119sto nie\u015bwiadomego jej sk\u0142adnik\u00f3w.\u201d<\/p>\n<p class=\"p2\"><strong>Sk\u0142ad:<\/strong><br \/>Rudi Mahall (klarnet basowy) (DE)<br \/>Tomasz D\u0105browski (tr\u0105bka) (PL)<br \/>Andreas Lang (kontrabas) (DK)<br \/>Kasper Tom (perkusja, kompozycje)(DK)<\/p>\n<p><strong>11 wrze\u015bnia &#8211; godz. 20.00 &#8211; Jazzment<\/strong><\/p>\n<p>Bilety w cenie 50 z\u0142 na biletomat.pl<br \/><br \/><\/p>\t\t\t\t\t\t\t\t<\/div>\n\t\t\t\t<\/div>\n\t\t\t\t\t<\/div>\n\t\t\t\t<\/div>\n\t\t<div class=\"elementor-element elementor-element-7aedc20 e-flex e-con-boxed e-con e-parent\" data-id=\"7aedc20\" data-element_type=\"container\">\n\t\t\t\t\t<div class=\"e-con-inner\">\n\t\t\t\t<div class=\"elementor-element elementor-element-ec6a8dd elementor-widget elementor-widget-image\" data-id=\"ec6a8dd\" data-element_type=\"widget\" data-widget_type=\"image.default\">\n\t\t\t\t<div class=\"elementor-widget-container\">\n\t\t\t\t\t\t\t\t\t\t\t\t\t\t\t<img decoding=\"async\" width=\"1024\" height=\"724\" src=\"https:\/\/generatorsztuki.pl\/wp-content\/uploads\/2025\/09\/TUZ\u0301NIK_PLAKATA3_POZIOMO42-x-29.7-cm-1024x724.png\" class=\"attachment-large size-large wp-image-403\" alt=\"\" srcset=\"https:\/\/generatorsztuki.pl\/wp-content\/uploads\/2025\/09\/TUZ\u0301NIK_PLAKATA3_POZIOMO42-x-29.7-cm-1024x724.png 1024w, https:\/\/generatorsztuki.pl\/wp-content\/uploads\/2025\/09\/TUZ\u0301NIK_PLAKATA3_POZIOMO42-x-29.7-cm-300x212.png 300w, https:\/\/generatorsztuki.pl\/wp-content\/uploads\/2025\/09\/TUZ\u0301NIK_PLAKATA3_POZIOMO42-x-29.7-cm-768x543.png 768w, https:\/\/generatorsztuki.pl\/wp-content\/uploads\/2025\/09\/TUZ\u0301NIK_PLAKATA3_POZIOMO42-x-29.7-cm-1536x1086.png 1536w, https:\/\/generatorsztuki.pl\/wp-content\/uploads\/2025\/09\/TUZ\u0301NIK_PLAKATA3_POZIOMO42-x-29.7-cm.png 2000w\" sizes=\"(max-width: 1024px) 100vw, 1024px\" \/>\t\t\t\t\t\t\t\t\t\t\t\t\t\t\t<\/div>\n\t\t\t\t<\/div>\n\t\t\t\t\t<\/div>\n\t\t\t\t<\/div>\n\t\t<div class=\"elementor-element elementor-element-f8eb37c e-grid e-con-boxed e-con e-parent\" data-id=\"f8eb37c\" data-element_type=\"container\">\n\t\t\t\t\t<div class=\"e-con-inner\">\n\t\t\t\t<div class=\"elementor-element elementor-element-c16552e elementor-widget elementor-widget-text-editor\" data-id=\"c16552e\" data-element_type=\"widget\" data-widget_type=\"text-editor.default\">\n\t\t\t\t<div class=\"elementor-widget-container\">\n\t\t\t\t\t\t\t\t\t<p class=\"p1\">Artur Tu\u017anik jest zwyci\u0119zc\u0105 wielu znacz\u0105cych konkurs\u00f3w jazzowych w Europie i zyska\u0142 miano jednego z najbardziej obiecuj\u0105cych pianist\u00f3w swojego pokolenia. Studiowa\u0142 zar\u00f3wno w \u201ejazzowym\u201d Rhythmic Music Conservatory, jak i \u201eklasycznej\u201d Royal Danish Academy of Music; obecnie cz\u0119sto tworzy na pograniczu gatunk\u00f3w. Pianista mia\u0142 okazj\u0119 wsp\u00f3\u0142pracowa\u0107 z artystami takimi jak Tomasz Sta\u0144ko, Chris Cheek, Danish Radio Big Band, Thomas Agergaard, Thomas Blachman, Maciej Obara, Piotr Damasiewicz, Kuba Wi\u0119cek, Janne Mark i wieloma innymi. W ci\u0105gu dw\u00f3ch ostatnich lat Tu\u017anik bra\u0142 udzia\u0142 w produkcjach Du\u0144skiego Radia <a href=\"http:\/\/m.in\/\"><span class=\"s1\">m.in<\/span><\/a>. \u201eP8 Jazz-Alive\u2019 i \u201eDR Fredagsscenen\u201d, gdzie koncertowa\u0142 ze swoj\u0105 muzyk\u0105 na \u017cywo w TV DR2 i radiu P8-Jazz.<\/p>\n<p class=\"p1\">Arturowi towarzyszy\u0107 b\u0119dzie zesp\u00f3\u0142 z\u0142o\u017cony ze szczeci\u0144skich muzyk\u00f3w sceny jazzowej. Muzycy stworz\u0105 program z\u0142o\u017cony z autorskich kompozycji wszystkich wykonawc\u00f3w. W ten spos\u00f3b powstanie premierowe wykonanie nowej muzyki.<br \/><br \/><\/p>\n<p class=\"p2\" style=\"color: #e4dddd;\"><strong>Sk\u0142ad:<br \/><\/strong><span class=\"a_GcMg font-feature-liga-off font-feature-clig-off font-feature-calt-off text-decoration-none text-strikethrough-none\">ARTUR TU\u0179NIK &#8211; <\/span><span class=\"a_GcMg font-feature-liga-off font-feature-clig-off font-feature-calt-off text-decoration-none text-strikethrough-none\">PIANO<br \/><\/span><span class=\"a_GcMg font-feature-liga-off font-feature-clig-off font-feature-calt-off text-decoration-none text-strikethrough-none\">TOMASZ LICAK <\/span><span class=\"a_GcMg font-feature-liga-off font-feature-clig-off font-feature-calt-off text-decoration-none text-strikethrough-none\">&#8211; TENOR<br \/><\/span><span class=\"a_GcMg font-feature-liga-off font-feature-clig-off font-feature-calt-off text-decoration-none text-strikethrough-none\">MICHA\u0141 STARKIEWIC<\/span><span class=\"a_GcMg font-feature-liga-off font-feature-clig-off font-feature-calt-off text-decoration-none text-strikethrough-none\">Z &#8211; <\/span><span class=\"a_GcMg font-feature-liga-off font-feature-clig-off font-feature-calt-off text-decoration-none text-strikethrough-none\">GUITAR<br \/><\/span><span class=\"a_GcMg font-feature-liga-off font-feature-clig-off font-feature-calt-off text-decoration-none text-strikethrough-none\">FLAVIO GULLOTTA <\/span><span class=\"a_GcMg font-feature-liga-off font-feature-clig-off font-feature-calt-off text-decoration-none text-strikethrough-none\">&#8211; DOUBLE BASS<br \/><\/span><span class=\"a_GcMg font-feature-liga-off font-feature-clig-off font-feature-calt-off text-decoration-none text-strikethrough-none\">RADEK<\/span><span class=\"a_GcMg font-feature-liga-off font-feature-clig-off font-feature-calt-off text-decoration-none text-strikethrough-none\"> WO\u015aKO <\/span><span class=\"a_GcMg font-feature-liga-off font-feature-clig-off font-feature-calt-off text-decoration-none text-strikethrough-none\">&#8211; DRUMS<\/span><\/p>\n<p style=\"color: #e4dddd;\"><strong>2 listopada &#8211; godz. 20.00 &#8211; Jazzment<\/strong><\/p>\n<p style=\"color: #e4dddd;\">Bilety na biletomat.pl<\/p>\t\t\t\t\t\t\t\t<\/div>\n\t\t\t\t<\/div>\n\t\t\t\t\t<\/div>\n\t\t\t\t<\/div>\n\t\t<div class=\"elementor-element elementor-element-2a61f9a e-flex e-con-boxed e-con e-parent\" data-id=\"2a61f9a\" data-element_type=\"container\">\n\t\t\t\t\t<div class=\"e-con-inner\">\n\t\t\t\t<div class=\"elementor-element elementor-element-6704b09 elementor-widget elementor-widget-image\" data-id=\"6704b09\" data-element_type=\"widget\" data-widget_type=\"image.default\">\n\t\t\t\t<div class=\"elementor-widget-container\">\n\t\t\t\t\t\t\t\t\t\t\t\t\t\t\t<img decoding=\"async\" width=\"825\" height=\"550\" src=\"https:\/\/generatorsztuki.pl\/wp-content\/uploads\/2025\/09\/walt-weiskopf-european-quartet.jpg\" class=\"attachment-large size-large wp-image-404\" alt=\"\" srcset=\"https:\/\/generatorsztuki.pl\/wp-content\/uploads\/2025\/09\/walt-weiskopf-european-quartet.jpg 825w, https:\/\/generatorsztuki.pl\/wp-content\/uploads\/2025\/09\/walt-weiskopf-european-quartet-300x200.jpg 300w, https:\/\/generatorsztuki.pl\/wp-content\/uploads\/2025\/09\/walt-weiskopf-european-quartet-768x512.jpg 768w\" sizes=\"(max-width: 825px) 100vw, 825px\" \/>\t\t\t\t\t\t\t\t\t\t\t\t\t\t\t<\/div>\n\t\t\t\t<\/div>\n\t\t\t\t\t<\/div>\n\t\t\t\t<\/div>\n\t\t<div class=\"elementor-element elementor-element-05bf626 e-flex e-con-boxed e-con e-parent\" data-id=\"05bf626\" data-element_type=\"container\">\n\t\t\t\t\t<div class=\"e-con-inner\">\n\t\t\t\t<div class=\"elementor-element elementor-element-abe9b44 elementor-widget elementor-widget-text-editor\" data-id=\"abe9b44\" data-element_type=\"widget\" data-widget_type=\"text-editor.default\">\n\t\t\t\t<div class=\"elementor-widget-container\">\n\t\t\t\t\t\t\t\t\t<p class=\"p1\"><b>Walt Weiskopf European Quartet<\/b><b><\/b><\/p>\n<p class=\"p1\">Ameryka\u0144ski saksofonista, kompozytor i autor Walt Weiskopf zagra wraz ze swoim Europejskim Kwartetem (WWEQ). Zesp\u00f3\u0142 wyst\u0105pi z materia\u0142em ze swojego najnowszego albumu Harmless Addiction, WWEQ sk\u0142ada si\u0119 z trzech wybitnych i najbardziej cenionych artyst\u00f3w europejskiej sekcji rytmicznej: Carla Winthera (fortepian), Andreasa Langa (kontrabas) i Andersa Mogensena (perkusja). Razem z Weiskopfem kwartet wci\u0105\u017c zyskuje uznanie na \u015bwiatowej scenie jazzowej. Dan Bilawsky z JazzTimes tak opisuje album Diamond and Other Jewels: \u201eTrzy z o\u015bmiu utwor\u00f3w na albumie bezpo\u015brednio nawi\u0105zuj\u0105 do jego tytu\u0142u&#8230; bluesowy \u2018Black Diamond,\u2019&#8230; pe\u0142en g\u0142\u0119bi i swinguj\u0105cy \u2018Blood Diamond,\u2019&#8230; oraz l\u015bni\u0105ca ballada \u2018Other Jewels.\u2019\u2026 Pozosta\u0142e utwory jeszcze bardziej podkre\u015blaj\u0105 wyj\u0105tkow\u0105 gr\u0119 Weiskopfa na saksofonie, jego talent kompozytorski i aran\u017cacyjny, a tak\u017ce silne wi\u0119zi<\/p>\n<p class=\"p1\">pomi\u0119dzy cz\u0142onkami zespo\u0142u\u201d. Weiskopf m\u00f3wi o nadchodz\u0105cej trasie: \u201eCarl, Andreas, Anders i ja jeste\u015bmy niezwykle podekscytowani, \u017ce ponownie b\u0119dziemy mogli razem gra\u0107 w tym sezonie. Ca\u0142ym sercem i umys\u0142em skupiamy si\u0119 na dostarczaniu wspania\u0142ej muzyki publiczno\u015bci kochaj\u0105cej jazz zar\u00f3wno w kraju, jak i za granic\u0105!\u201d. Walt Weiskopf, maj\u0105cy na swoim koncie wysoko oceniane albumy oraz niezliczone wsp\u00f3\u0142prace jako sideman, rozpocz\u0105\u0142 swoj\u0105 karier\u0119 w wieku 21 lat w zespole Buddy\u2019ego Richa. Od tamtej pory wyda\u0142 ponad 20 album\u00f3w, w kt\u00f3rych udzia\u0142 wzi\u0119li wybitni wsp\u00f3\u0142cze\u015bni muzycy jazzowi, tacy jak Brad Mehldau, John Pattituci, Joe Magnarelli, Renee Rosnes, Joe Locke, Conrad Herwig, Peter Zak, Billy Drummond i Peter Washington, by wymieni\u0107 tylko kilku. Od 19 lat Weiskopf jest r\u00f3wnie\u017c aktywnym cz\u0142onkiem zespo\u0142u Steely Dan.<\/p>\n<p class=\"p1\">Sk\u0142ad:<br \/>Walt Weiskpof &#8211; saksofon (USA)<br \/>Carl Winther &#8211; fortepian (DK)<br \/>Andreas Lang &#8211; kontrabas (DK)<br \/>Andersa Mogensena &#8211; perkusja (DK)<br \/><br \/>9 listopada &#8211; godz. 19.00 &#8211; Jazzment<\/p>\t\t\t\t\t\t\t\t<\/div>\n\t\t\t\t<\/div>\n\t\t\t\t\t<\/div>\n\t\t\t\t<\/div>\n\t\t<div class=\"elementor-element elementor-element-27996d7a e-flex e-con-boxed e-con e-parent\" data-id=\"27996d7a\" data-element_type=\"container\">\n\t\t\t\t\t<div class=\"e-con-inner\">\n\t\t\t\t<div class=\"elementor-element elementor-element-417648f elementor-widget elementor-widget-text-editor\" data-id=\"417648f\" data-element_type=\"widget\" data-widget_type=\"text-editor.default\">\n\t\t\t\t<div class=\"elementor-widget-container\">\n\t\t\t\t\t\t\t\t\t<p><\/p>\n<p><\/p>\n<p><\/p>\n<div class=\"wp-block-media-text is-stacked-on-mobile\">\n<figure class=\"wp-block-media-text__media\"><img loading=\"lazy\" decoding=\"async\" width=\"1024\" height=\"683\" src=\"https:\/\/generatorsztuki.pl\/wp-content\/uploads\/2023\/12\/398217132_1092185888865390_7996901906573942442_n-1024x683.jpeg\" alt=\"\" class=\"wp-image-98 size-full\" srcset=\"https:\/\/generatorsztuki.pl\/wp-content\/uploads\/2023\/12\/398217132_1092185888865390_7996901906573942442_n-1024x683.jpeg 1024w, https:\/\/generatorsztuki.pl\/wp-content\/uploads\/2023\/12\/398217132_1092185888865390_7996901906573942442_n-300x200.jpeg 300w, https:\/\/generatorsztuki.pl\/wp-content\/uploads\/2023\/12\/398217132_1092185888865390_7996901906573942442_n-768x512.jpeg 768w, https:\/\/generatorsztuki.pl\/wp-content\/uploads\/2023\/12\/398217132_1092185888865390_7996901906573942442_n-1536x1025.jpeg 1536w, https:\/\/generatorsztuki.pl\/wp-content\/uploads\/2023\/12\/398217132_1092185888865390_7996901906573942442_n.jpeg 2000w\" sizes=\"(max-width: 1024px) 100vw, 1024px\" \/><\/figure>\n<div class=\"wp-block-media-text__content\"><p><\/p>\n<p>&#8222;Jazz Generator&#8221; <strong>&nbsp;<\/strong>to innowacyjny i autorski cykl koncertowy realizowany w latach 2020-2021, 2023. W ramach cyklu odbywa\u0142y si\u0119&nbsp;koncerty tematyczne. Zaproszeni muzycy przygotowywali program, kt\u00f3ry nawi\u0105zywa\u0142&nbsp;do tematyki koncertu. Dzi\u0119ki naszym dzia\u0142aniom na scenie spotykali si\u0119&nbsp;muzycy, kt\u00f3rzy jeszcze nigdy ze sob\u0105&nbsp;nie grali, co sprzyja rozwojowi i mo\u017cliwo\u015bci poszerzenia kontakt\u00f3w, kt\u00f3re mog\u0105&nbsp;zaowocowa\u0107&nbsp;dalszymi projektami muzycznymi. Tematyka koncert\u00f3w obejmowa\u0142a przer\u00f3\u017cne gatunki jazzowe, oko\u0142o-jazzowe, jak r\u00f3wnie\u017c&nbsp;muzyk\u0119&nbsp;tradycyjn\u0105, folkow\u0105&nbsp;a tak\u017ce histori\u0119&nbsp;polskiej piosenki. Kolejna edycja mia\u0142a stanowczo rozwin\u0105\u0107&nbsp;za\u0142o\u017cenia projektu i stworzy\u0107&nbsp;dodatkowe szanse rozwoju i promocji lokalnych muzyk\u00f3w. <br><br><\/p>\n<p><\/p><\/div>\n<\/div>\n<p><\/p>\n<p><\/p>\n<div class=\"wp-block-media-text has-media-on-the-right is-stacked-on-mobile\">\n<div class=\"wp-block-media-text__content\"><p><\/p>\n<p>\u0141\u0105cznie odby\u0142o si\u0119 27 koncert\u00f3w z udzia\u0142em muzyk\u00f3w z ca\u0142ej Polski oraz zagranicy.<br><br>Ka\u017cdy koncert po\u015bwi\u0119cony by\u0142 konkretnej tematyce lub gatunkowi jazzu, m.in:<br>&#8211; Historia Polskiego Jazzu<br>&#8211; Piosenki Mi\u0119dzywojnia<br>&#8211; Jobim &amp; Gilberto<br>&#8211; Kind of Blue<br>&#8211; Jazz w filmie<br>&#8211; Dixie &#8211; Swing<br>&#8211; Free Impro Session<br><br>Wi\u0119kszo\u015b\u0107 koncert\u00f3w zosta\u0142a nagrana i retransmitowana na kanale Youtube Fundacji.<br><br>Koncerty odbywaj\u0105 si\u0119 dzi\u0119ki wsparciu Miasta Szczecin oraz Pomorza Zachodniego.<\/p>\n<p><\/p><\/div>\n<figure class=\"wp-block-media-text__media\"><img loading=\"lazy\" decoding=\"async\" width=\"1024\" height=\"525\" src=\"https:\/\/generatorsztuki.pl\/wp-content\/uploads\/2023\/12\/402296809_1102667291150583_2985373763172680777_n-1024x525.jpeg\" alt=\"\" class=\"wp-image-99 size-full\" srcset=\"https:\/\/generatorsztuki.pl\/wp-content\/uploads\/2023\/12\/402296809_1102667291150583_2985373763172680777_n-1024x525.jpeg 1024w, https:\/\/generatorsztuki.pl\/wp-content\/uploads\/2023\/12\/402296809_1102667291150583_2985373763172680777_n-300x154.jpeg 300w, https:\/\/generatorsztuki.pl\/wp-content\/uploads\/2023\/12\/402296809_1102667291150583_2985373763172680777_n-768x394.jpeg 768w, https:\/\/generatorsztuki.pl\/wp-content\/uploads\/2023\/12\/402296809_1102667291150583_2985373763172680777_n-1536x788.jpeg 1536w, https:\/\/generatorsztuki.pl\/wp-content\/uploads\/2023\/12\/402296809_1102667291150583_2985373763172680777_n.jpeg 2000w\" sizes=\"(max-width: 1024px) 100vw, 1024px\" \/><\/figure>\n<\/div>\n<p><\/p>\t\t\t\t\t\t\t\t<\/div>\n\t\t\t\t<\/div>\n\t\t\t\t\t<\/div>\n\t\t\t\t<\/div>\n\t\t\t\t<\/div>\n\t\t","protected":false},"excerpt":{"rendered":"<p>KUP BILET FUSK\u00a0to jazzowy kwartet prowadzony przez du\u0144skiego perkusist\u0119 i kompozytora Kaspra Toma. Zesp\u00f3\u0142 wykonuje zaskakuj\u0105ce, niekonwencjonalne kompozycje oraz swobodn\u0105 improwizacj\u0119. Wszyscy czterej muzycy maj\u0105 bardzo indywidualne podej\u015bcie do&#8230;<\/p>\n","protected":false},"author":1,"featured_media":0,"parent":0,"menu_order":0,"comment_status":"closed","ping_status":"closed","template":"","meta":{"footnotes":""},"class_list":["post-74","page","type-page","status-publish","hentry"],"_links":{"self":[{"href":"https:\/\/generatorsztuki.pl\/index.php\/wp-json\/wp\/v2\/pages\/74","targetHints":{"allow":["GET"]}}],"collection":[{"href":"https:\/\/generatorsztuki.pl\/index.php\/wp-json\/wp\/v2\/pages"}],"about":[{"href":"https:\/\/generatorsztuki.pl\/index.php\/wp-json\/wp\/v2\/types\/page"}],"author":[{"embeddable":true,"href":"https:\/\/generatorsztuki.pl\/index.php\/wp-json\/wp\/v2\/users\/1"}],"replies":[{"embeddable":true,"href":"https:\/\/generatorsztuki.pl\/index.php\/wp-json\/wp\/v2\/comments?post=74"}],"version-history":[{"count":29,"href":"https:\/\/generatorsztuki.pl\/index.php\/wp-json\/wp\/v2\/pages\/74\/revisions"}],"predecessor-version":[{"id":407,"href":"https:\/\/generatorsztuki.pl\/index.php\/wp-json\/wp\/v2\/pages\/74\/revisions\/407"}],"wp:attachment":[{"href":"https:\/\/generatorsztuki.pl\/index.php\/wp-json\/wp\/v2\/media?parent=74"}],"curies":[{"name":"wp","href":"https:\/\/api.w.org\/{rel}","templated":true}]}}